{"id":1216,"date":"2019-02-04T18:33:31","date_gmt":"2019-02-04T18:33:31","guid":{"rendered":"http:\/\/www.chaletmignon.ch\/seminare\/"},"modified":"2021-01-16T21:08:14","modified_gmt":"2021-01-16T21:08:14","slug":"seminare","status":"publish","type":"page","link":"https:\/\/chaletmignon.ch\/fr\/seminare\/","title":{"rendered":"S\u00e9minaires"},"content":{"rendered":"<div id=\"pl-1216\"  class=\"panel-layout\" ><div id=\"pg-1216-0\"  class=\"panel-grid panel-no-style\" ><div id=\"pgc-1216-0-0\"  class=\"panel-grid-cell\" ><div id=\"panel-1216-0-0-0\" class=\"so-panel widget widget_sow-editor panel-first-child panel-last-child\" data-index=\"0\" ><div\n\t\t\t\n\t\t\tclass=\"so-widget-sow-editor so-widget-sow-editor-base\"\n\t\t\t\n\t\t>\n<div class=\"siteorigin-widget-tinymce textwidget\">\n\t<div class=\"vc_row wpb_row vc_row-fluid\">\n<div class=\"wpb_column vc_column_container vc_col-sm-12\">\n<div class=\"vc_column-inner \">\n<div class=\"wpb_wrapper\">\n<div class=\"wpb_text_column wpb_content_element \">\n<div class=\"wpb_wrapper\">\n<p>La Ferme des Hauts Champs, o\u00f9 se trouve le Chalet Mignon ainsi que notre \"Belle Chambre\" et deux appartements, organise des s\u00e9minaires tout au long de l'ann\u00e9e.<\/p>\n<p>Nous profitons de l'occasion pour vous informer de ces \u00e9v\u00e9nements sur cette plateforme. Nous serions ravis que vous soyez notre invit\u00e9 non seulement dans notre logement mais aussi \u00e0 l'un des s\u00e9minaires.<\/p>\n<p>Merci beaucoup !<\/p>\n<p>Lien vers les s\u00e9minaires :\u00a0<a href=\"http:\/\/www.hofseminare.ch\" target=\"_blank\" rel=\"noopener\">www.hofseminare.ch<\/a><\/p>\n<\/div>\n<\/div>\n<\/div>\n<\/div>\n<\/div>\n<\/div>\n<\/div>\n<\/div><\/div><\/div><\/div><\/div>","protected":false},"excerpt":{"rendered":"<p>La Ferme des Hauts Champs, o\u00f9 se trouve le Chalet Mignon ainsi que notre \u00ab\u00a0Belle Chambre\u00a0\u00bb et deux appartements, organise des s\u00e9minaires tout au long de l&rsquo;ann\u00e9e. Nous profitons de l&rsquo;occasion pour vous informer de ces \u00e9v\u00e9nements sur cette plateforme. Nous serions ravis que vous soyez notre invit\u00e9 non seulement dans notre logement mais aussi [&hellip;]<\/p>\n","protected":false},"author":1,"featured_media":0,"parent":0,"menu_order":0,"comment_status":"closed","ping_status":"closed","template":"","meta":{"footnotes":""},"class_list":["post-1216","page","type-page","status-publish","hentry"],"_links":{"self":[{"href":"https:\/\/chaletmignon.ch\/fr\/wp-json\/wp\/v2\/pages\/1216","targetHints":{"allow":["GET"]}}],"collection":[{"href":"https:\/\/chaletmignon.ch\/fr\/wp-json\/wp\/v2\/pages"}],"about":[{"href":"https:\/\/chaletmignon.ch\/fr\/wp-json\/wp\/v2\/types\/page"}],"author":[{"embeddable":true,"href":"https:\/\/chaletmignon.ch\/fr\/wp-json\/wp\/v2\/users\/1"}],"replies":[{"embeddable":true,"href":"https:\/\/chaletmignon.ch\/fr\/wp-json\/wp\/v2\/comments?post=1216"}],"version-history":[{"count":4,"href":"https:\/\/chaletmignon.ch\/fr\/wp-json\/wp\/v2\/pages\/1216\/revisions"}],"predecessor-version":[{"id":1225,"href":"https:\/\/chaletmignon.ch\/fr\/wp-json\/wp\/v2\/pages\/1216\/revisions\/1225"}],"wp:attachment":[{"href":"https:\/\/chaletmignon.ch\/fr\/wp-json\/wp\/v2\/media?parent=1216"}],"curies":[{"name":"wp","href":"https:\/\/api.w.org\/{rel}","templated":true}]}}