{"id":1204,"date":"2018-02-15T17:22:12","date_gmt":"2018-02-15T17:22:12","guid":{"rendered":"http:\/\/www.chaletmignon.ch\/preise\/"},"modified":"2023-08-14T10:29:54","modified_gmt":"2023-08-14T10:29:54","slug":"preise","status":"publish","type":"page","link":"https:\/\/chaletmignon.ch\/fr\/preise\/","title":{"rendered":"Prix &#038; CGA"},"content":{"rendered":"<div id=\"pl-1204\"  class=\"panel-layout\" ><div id=\"pg-1204-0\"  class=\"panel-grid panel-no-style\" ><div id=\"pgc-1204-0-0\"  class=\"panel-grid-cell\" ><div class=\"panel-cell-style panel-cell-style-for-1204-0-0\" ><div id=\"panel-1204-0-0-0\" class=\"so-panel widget widget_sow-features panel-first-child panel-last-child\" data-index=\"0\" ><div\n\t\t\t\n\t\t\tclass=\"so-widget-sow-features so-widget-sow-features-default-662d5b9e500c-1204\"\n\t\t\t\n\t\t><ul\n\tclass=\"sow-features-list\n\tsow-features-responsive\">\n\n\t\t\t<li\n\t\t\tclass=\"sow-features-feature sow-icon-container-position-top\"\n\t\t\tstyle=\"display: flex; flex-direction: column; width: calc(100% - 25px);\"\n\t\t>\n\t\t\t\n\t\t\t\t\t\t<div\t\t\t\tclass=\"sow-icon-container sow-container-rounded-sticker\"\n\t\t\t\tstyle=\"color: #ff0000; \"\n\t\t\t\ttitle=\"BASSE SAISON\"\n\t\t\t\t\t\t\t>\n\t\t\t\t<span class=\"sow-icon-fontawesome sow-fas\" data-sow-icon=\"&#xf042;\"\n\t\tstyle=\"font-size: 24px; color: #ffffff\" \n\t\taria-hidden=\"true\"><\/span>\t\t\t<\/div>\n\n\t\t\t<div class=\"textwidget\">\n\t\t\t\t\n\t\t\t\t\t\t\t\t\t<h5 class=\"sow-features-feature-title\">\n\t\t\t\t\t\tBASSE SAISON\t\t\t\t\t<\/h5>\n\t\t\t\t\n\t\t\t\t\t\t\t\t\t<div class=\"sow-features-feature-text\">\n\t\t\t\t\t<p>Avril, mai et octobre<br \/>\nS\u00e9jour minimum de 4 nuits<\/p>\n<p>Tarif hebdomadaire du chalet pour deux personnes, hors blanchisserie\/nettoyage final<br \/>\n7 nuits Sa - Sa, EUR 620<br \/>\nSuppl\u00e9ment si dur\u00e9e de location inf\u00e9rieure \u00e0 une semaine 50 EUR<br \/>\nSuppl\u00e9ment pour une personne suppl\u00e9mentaire par semaine 60 EUR<\/p>\n<p>Tarif journalier du chalet pour deux personnes, hors blanchisserie\/nettoyage final,<br \/>\n1 nuit EUR 93<br \/>\nSuppl\u00e9ment pour une personne suppl\u00e9mentaire par jour 10 EUR<\/p>\n<p>Tarif forfaitaire pour le blanchissage\/nettoyage final 80 EUR<br \/>\nSuppl\u00e9ment de 30 euros par chien et semaine (en minimum)<\/p>\n\t\t\t\t\t<\/div>\n\t\t\t\t\t\t\t\t<\/div>\n\t\t\t\t\t\t\t\t<\/li>\n\n\t<\/ul>\n<\/div><\/div><\/div><\/div><div id=\"pgc-1204-0-1\"  class=\"panel-grid-cell\" ><div class=\"panel-cell-style panel-cell-style-for-1204-0-1\" ><div id=\"panel-1204-0-1-0\" class=\"so-panel widget widget_sow-features panel-first-child panel-last-child\" data-index=\"1\" ><div\n\t\t\t\n\t\t\tclass=\"so-widget-sow-features so-widget-sow-features-default-662d5b9e500c-1204\"\n\t\t\t\n\t\t><ul\n\tclass=\"sow-features-list\n\tsow-features-responsive\">\n\n\t\t\t<li\n\t\t\tclass=\"sow-features-feature sow-icon-container-position-top\"\n\t\t\tstyle=\"display: flex; flex-direction: column; width: calc(100% - 25px);\"\n\t\t>\n\t\t\t\n\t\t\t\t\t\t<div\t\t\t\tclass=\"sow-icon-container sow-container-rounded-sticker\"\n\t\t\t\tstyle=\"color: #ff0000; \"\n\t\t\t\ttitle=\"HAUTE SAISON\"\n\t\t\t\t\t\t\t>\n\t\t\t\t<span class=\"sow-icon-fontawesome sow-fas\" data-sow-icon=\"&#xf111;\"\n\t\tstyle=\"font-size: 24px; color: #FFFFFF\" \n\t\taria-hidden=\"true\"><\/span>\t\t\t<\/div>\n\n\t\t\t<div class=\"textwidget\">\n\t\t\t\t\n\t\t\t\t\t\t\t\t\t<h5 class=\"sow-features-feature-title\">\n\t\t\t\t\t\tHAUTE SAISON\t\t\t\t\t<\/h5>\n\t\t\t\t\n\t\t\t\t\t\t\t\t\t<div class=\"sow-features-feature-text\">\n\t\t\t\t\t<p>De juin \u00e0 septembre<br \/>\nDur\u00e9e minimale de location 1 semaine<\/p>\n<p>Tarif hebdomadaire du chalet pour deux personnes, hors blanchisserie\/nettoyage final,<br \/>\n7 nuits Sa - Sa, 650 EUR<br \/>\nSuppl\u00e9ment pour une personne suppl\u00e9mentaire par semaine 60 EUR<\/p>\n<p>Tarif journalier du chalet pour deux personnes, hors blanchisserie\/nettoyage final,<br \/>\n1 nuit EUR 97<br \/>\nSuppl\u00e9ment pour une personne suppl\u00e9mentaire par jour 10 EUR<\/p>\n<p>Tarif forfaitaire pour le blanchissage\/nettoyage final, 80 EUR<br \/>\nSuppl\u00e9ment de 30 euros par chien et semaine<\/p>\n\t\t\t\t\t<\/div>\n\t\t\t\t\t\t\t\t<\/div>\n\t\t\t\t\t\t\t\t<\/li>\n\n\t<\/ul>\n<\/div><\/div><\/div><\/div><\/div><div id=\"pg-1204-1\"  class=\"panel-grid panel-no-style\" ><div id=\"pgc-1204-1-0\"  class=\"panel-grid-cell\" ><div id=\"panel-1204-1-0-0\" class=\"so-panel widget widget_sow-editor panel-first-child panel-last-child\" data-index=\"2\" ><div\n\t\t\t\n\t\t\tclass=\"so-widget-sow-editor so-widget-sow-editor-base\"\n\t\t\t\n\t\t><h3 class=\"widget-title\">Conditions g\u00e9n\u00e9rales d'affaires<\/h3>\n<div class=\"siteorigin-widget-tinymce textwidget\">\n\t<h6><strong>1 \u2013 R\u00e9servation<\/strong><\/h6>\n<p>Veuillez nous envoyer vos demandes de r\u00e9servation par t\u00e9l\u00e9phone ou, mieux encore, par mail. Nous leur r\u00e9pondrons imm\u00e9diatement. Une r\u00e9servation d\u00e9finitive doit toujours \u00eatre faite par \u00e9crit par e-mail (ou par <a href=\"https:\/\/www.resido.fr\/56381.htm\" target=\"_blank\" rel=\"noopener\">notre site partenaire<\/a>), en indiquant le nom\/pr\u00e9nom des personnes qui arrivent ainsi que leur adresse de r\u00e9sidence compl\u00e8te.<br \/>\nVous recevrez ensuite une confirmation de r\u00e9servation par e-mail dans les plus brefs d\u00e9lais.<br \/>\n<em>Avec la confirmation de r\u00e9servation, la r\u00e9servation prend effet et est contraignante. En m\u00eame temps, vous acceptez notre r\u00e8glement int\u00e9rieur\/conditions g\u00e9n\u00e9rales et les r\u00e8gles d'annulation.<\/em><\/p>\n<p>En principe, nous louons le chalet du samedi au samedi et donc \u00e0 la semaine. Les p\u00e9riodes de location plus courtes ne sont pas prioritaires. En haute saison, nous ne pouvons accorder que des p\u00e9riodes de location plus courtes et \u00e0 court terme. Nous esp\u00e9rons que vous comprenez cela.<\/p>\n<h6><strong>2 \u2013 D\u00e9p\u00f4t<\/strong><\/h6>\n<p>Nous faisons confiance \u00e0 nos h\u00f4tes et n'exigeons donc pas de d\u00e9p\u00f4t.<\/p>\n<h6><strong>3 - Conditions d'annulation :<\/strong><\/h6>\n<p>A partir de la r\u00e9servation<\/p>\n<ul>\n<li>jusqu'\u00e0 42 jours avant le d\u00e9but du s\u00e9jour 20% du prix de la location,<\/li>\n<li>41 \u00e0 15 jours avant le d\u00e9but du s\u00e9jour 50% du prix de la location<\/li>\n<li>14 - 8 jours avant le d\u00e9but du s\u00e9jour 70 % du prix de la location,<\/li>\n<li>\u00e0 partir du 7e jour avant le d\u00e9but du s\u00e9jour jusqu'au jour de la location ou en cas de non-utilisation ou d'utilisation partielle de la chambre, 100 % du prix de la location sera factur\u00e9.<\/li>\n<\/ul>\n<p>(pas de frais en raison de restrictions de Corona)<\/p>\n<h6><strong>4 \u2013 Paiement<\/strong><\/h6>\n<p>Le montant total de la location doit \u00eatre pay\u00e9 en esp\u00e8ces lorsque vous emm\u00e9nagez dans le chalet. Nous esp\u00e9rons que vous comprenez que nous ne pouvons pas accepter les cartes de cr\u00e9dit, les cartes EC ou les ch\u00e8ques.<\/p>\n<p>En cas de panne de courte dur\u00e9e du mobilier, des services publics ou pour cause de force majeure, il n'y a pas droit \u00e0 une r\u00e9duction de prix. L'invit\u00e9 accorde au propri\u00e9taire un d\u00e9lai raisonnable pour rem\u00e9dier aux d\u00e9fauts. Les plaintes ult\u00e9rieures ne seront pas accept\u00e9es et ne pourront pas \u00eatre cr\u00e9dit\u00e9es.<\/p>\n<h6><strong>5 \u2013 Arriv\u00e9e\/D\u00e9part<\/strong><\/h6>\n<p>Sauf convention contraire, les heures d'arriv\u00e9e et de d\u00e9part suivantes s'appliquent. Veuillez nous informer \u00e0 l'avance si vous arrivez plus tard.<\/p>\n<p>Arriv\u00e9e : 16.00h - 18.00h<br \/>\nD\u00e9part jusqu'\u00e0 11h00<\/p>\n<h6><strong>6 \u2013 R\u00e8gles \/ Informations<\/strong><\/h6>\n<p><strong>Objets de valeur<\/strong><br \/>\nMalheureusement, nous ne pouvons pas \u00eatre tenus responsables des objets de valeur d\u00e9pos\u00e9s dans le chalet.<\/p>\n<p><strong>D\u00e9g\u00e2ts<\/strong><br \/>\nPersonne n'endommage quoi que ce soit volontairement, mais il peut arriver \u00e0 tout le monde que quelque chose soit cass\u00e9. Si cela devait arriver, nous vous demandons de signaler imm\u00e9diatement les d\u00e9g\u00e2ts afin que nous ne les d\u00e9couvrions pas apr\u00e8s votre d\u00e9part lors du nettoyage final.<\/p>\n<p><strong>Interdictions<\/strong><br \/>\nIl est express\u00e9ment interdit de fumer dans le chalet. La p\u00eache n'est pas autoris\u00e9e dans notre lac. <em>Nous vous demandons de ne pas nourrir nos animaux.<\/em><\/p>\n<p><strong>Enfants<\/strong><br \/>\nLes enfants doivent \u00eatre surveill\u00e9s par les adultes qui les accompagnent. Nous refusons toute responsabilit\u00e9. L'entr\u00e9e dans les p\u00e2turages des chevaux (les cl\u00f4tures sont \u00e9lectrifi\u00e9es), la baignade dans le lac, etc. se font \u00e0 vos risques et p\u00e9rils.<\/p>\n<p><strong>Animaux de compagnie<\/strong><br \/>\nIl est permis d'amener des animaux de compagnie, en particulier un chien. Cependant, nous vous invitons \u00e0 tenir votre compagnon \u00e0 quatre pattes en laisse dans nos locaux (nos chats, ch\u00e8vres naines, autres).<\/p>\n<p><strong>Cl\u00e9s<\/strong><br \/>\nNe donnez jamais les cl\u00e9s de votre main. Toute perte de cl\u00e9s doit \u00eatre signal\u00e9e imm\u00e9diatement et l'invit\u00e9 sera responsable \u00e0 hauteur du co\u00fbt de remplacement.<\/p>\n<h6><strong>7 \u2013 Livre d'or<\/strong><\/h6>\n<p>Parlez-en \u00e0 vos coll\u00e8gues ...<br \/>\n<em>... parce que les bonnes recommandations sond importantes!<\/em><\/p>\n<p>Dans notre livre d'or, vous pouvez nous laisser, ainsi qu'aux autres parties int\u00e9ress\u00e9es, vos impressions, qu'il s'agisse d'\u00e9loges, de critiques ou d'autres suggestions.<\/p>\n<h4 style=\"text-align: center;\">Vos commentaires sont importants pour nous et toujours les bienvenus !<\/h4>\n<\/div>\n<\/div><\/div><\/div><\/div><\/div>","protected":false},"excerpt":{"rendered":"<p>1 \u2013 R\u00e9servation Veuillez nous envoyer vos demandes de r\u00e9servation par t\u00e9l\u00e9phone ou, mieux encore, par mail. Nous leur r\u00e9pondrons imm\u00e9diatement. Une r\u00e9servation d\u00e9finitive doit toujours \u00eatre faite par \u00e9crit par e-mail (ou par notre site partenaire), en indiquant le nom\/pr\u00e9nom des personnes qui arrivent ainsi que leur adresse de r\u00e9sidence compl\u00e8te. Vous recevrez ensuite [&hellip;]<\/p>\n","protected":false},"author":1,"featured_media":0,"parent":0,"menu_order":0,"comment_status":"closed","ping_status":"closed","template":"","meta":{"footnotes":""},"class_list":["post-1204","page","type-page","status-publish","hentry"],"_links":{"self":[{"href":"https:\/\/chaletmignon.ch\/fr\/wp-json\/wp\/v2\/pages\/1204","targetHints":{"allow":["GET"]}}],"collection":[{"href":"https:\/\/chaletmignon.ch\/fr\/wp-json\/wp\/v2\/pages"}],"about":[{"href":"https:\/\/chaletmignon.ch\/fr\/wp-json\/wp\/v2\/types\/page"}],"author":[{"embeddable":true,"href":"https:\/\/chaletmignon.ch\/fr\/wp-json\/wp\/v2\/users\/1"}],"replies":[{"embeddable":true,"href":"https:\/\/chaletmignon.ch\/fr\/wp-json\/wp\/v2\/comments?post=1204"}],"version-history":[{"count":27,"href":"https:\/\/chaletmignon.ch\/fr\/wp-json\/wp\/v2\/pages\/1204\/revisions"}],"predecessor-version":[{"id":1416,"href":"https:\/\/chaletmignon.ch\/fr\/wp-json\/wp\/v2\/pages\/1204\/revisions\/1416"}],"wp:attachment":[{"href":"https:\/\/chaletmignon.ch\/fr\/wp-json\/wp\/v2\/media?parent=1204"}],"curies":[{"name":"wp","href":"https:\/\/api.w.org\/{rel}","templated":true}]}}