{"id":1170,"date":"2018-02-15T17:22:12","date_gmt":"2018-02-15T17:22:12","guid":{"rendered":"http:\/\/www.chaletmignon.ch\/unser-chalet\/"},"modified":"2021-01-16T20:29:45","modified_gmt":"2021-01-16T20:29:45","slug":"unser-chalet","status":"publish","type":"page","link":"https:\/\/chaletmignon.ch\/fr\/unser-chalet\/","title":{"rendered":"L&rsquo;endroit"},"content":{"rendered":"<div id=\"pl-1170\"  class=\"panel-layout\" ><div id=\"pg-1170-0\"  class=\"panel-grid panel-no-style\" ><div id=\"pgc-1170-0-0\"  class=\"panel-grid-cell\" ><div id=\"panel-1170-0-0-0\" class=\"so-panel widget widget_sow-features panel-first-child panel-last-child\" data-index=\"0\" ><div\n\t\t\t\n\t\t\tclass=\"so-widget-sow-features so-widget-sow-features-default-d86d8497a19e-1170\"\n\t\t\t\n\t\t><ul\n\tclass=\"sow-features-list\n\tsow-features-responsive\">\n\n\t\t\t<li\n\t\t\tclass=\"sow-features-feature sow-icon-container-position-top\"\n\t\t\tstyle=\"display: flex; flex-direction: column; width: calc(33.333% - 25px);\"\n\t\t>\n\t\t\t\n\t\t\t\t\t\t<div\t\t\t\tclass=\"sow-icon-container sow-container-round\"\n\t\t\t\tstyle=\"color: #dd3333; \"\n\t\t\t\ttitle=\"LE PLATEAU\"\n\t\t\t\t\t\t\t>\n\t\t\t\t<span class=\"sow-icon-fontawesome sow-fab\" data-sow-icon=\"&#xf209;\"\n\t\tstyle=\"font-size: 50px; color: #FFFFFF\" \n\t\taria-hidden=\"true\"><\/span>\t\t\t<\/div>\n\n\t\t\t<div class=\"textwidget\">\n\t\t\t\t\n\t\t\t\t\t\t\t\t\t<h5 class=\"sow-features-feature-title\">\n\t\t\t\t\t\tLE PLATEAU\t\t\t\t\t<\/h5>\n\t\t\t\t\n\t\t\t\t\t\t\t\t\t<div class=\"sow-features-feature-text\">\n\t\t\t\t\t<p style=\"text-align: left\">Le Chalet Mignon est situ\u00e9 au milieu d'une propri\u00e9t\u00e9 priv\u00e9e de 10ha sur le plateau des 1000 \u00e9tangs. \u00a0 \"La r\u00e9gion des milles\" \u00e9tangs est situ\u00e9e dans une r\u00e9serve naturelle \u00e0 environ 600 \u00e0 800 m au-dessus du niveau de la mer, au pied des Vosges saoniennes. Il est accessible depuis B\u00e2le en une bonne centaine de minutes.<\/p>\n<p><a href=\"http:\/\/www.chaletmignon.ch\/wp-content\/uploads\/2018\/04\/lage_gross.jpg\" class=\"image-link\"><img loading=\"lazy\" decoding=\"async\" class=\"alignnone size-full wp-image-612\" src=\"http:\/\/www.chaletmignon.ch\/wp-content\/uploads\/2018\/04\/lage_gross.jpg\" alt=\"\" width=\"1024\" height=\"682\" srcset=\"https:\/\/chaletmignon.ch\/wp-content\/uploads\/2018\/04\/lage_gross.jpg 1024w, https:\/\/chaletmignon.ch\/wp-content\/uploads\/2018\/04\/lage_gross-300x200.jpg 300w, https:\/\/chaletmignon.ch\/wp-content\/uploads\/2018\/04\/lage_gross-768x512.jpg 768w, https:\/\/chaletmignon.ch\/wp-content\/uploads\/2018\/04\/lage_gross-848x565.jpg 848w, https:\/\/chaletmignon.ch\/wp-content\/uploads\/2018\/04\/lage_gross-48x32.jpg 48w, https:\/\/chaletmignon.ch\/wp-content\/uploads\/2018\/04\/lage_gross-250x167.jpg 250w, https:\/\/chaletmignon.ch\/wp-content\/uploads\/2018\/04\/lage_gross-550x366.jpg 550w, https:\/\/chaletmignon.ch\/wp-content\/uploads\/2018\/04\/lage_gross-800x533.jpg 800w, https:\/\/chaletmignon.ch\/wp-content\/uploads\/2018\/04\/lage_gross-270x180.jpg 270w, https:\/\/chaletmignon.ch\/wp-content\/uploads\/2018\/04\/lage_gross-450x300.jpg 450w, https:\/\/chaletmignon.ch\/wp-content\/uploads\/2018\/04\/lage_gross-751x500.jpg 751w, https:\/\/chaletmignon.ch\/wp-content\/uploads\/2018\/04\/lage_gross-210x140.jpg 210w, https:\/\/chaletmignon.ch\/wp-content\/uploads\/2018\/04\/lage_gross-400x266.jpg 400w, https:\/\/chaletmignon.ch\/wp-content\/uploads\/2018\/04\/lage_gross-272x182.jpg 272w\" sizes=\"auto, (max-width: 1024px) 100vw, 1024px\" \/><\/a><\/p>\n\t\t\t\t\t<\/div>\n\t\t\t\t\t\t\t\t<\/div>\n\t\t\t\t\t\t\t\t<\/li>\n\n\t\t\t<li\n\t\t\tclass=\"sow-features-feature sow-icon-container-position-top\"\n\t\t\tstyle=\"display: flex; flex-direction: column; width: calc(33.333% - 25px);\"\n\t\t>\n\t\t\t\n\t\t\t\t\t\t<div\t\t\t\tclass=\"sow-icon-container sow-container-round\"\n\t\t\t\tstyle=\"color: #dd0000; \"\n\t\t\t\ttitle=\"NATURE &amp; SILENCE\"\n\t\t\t\t\t\t\t>\n\t\t\t\t<span class=\"sow-icon-elegantline\" data-sow-icon=\"&#xe03b;\"\n\t\tstyle=\"font-size: 50px; color: #FFFFFF\" \n\t\taria-hidden=\"true\"><\/span>\t\t\t<\/div>\n\n\t\t\t<div class=\"textwidget\">\n\t\t\t\t\n\t\t\t\t\t\t\t\t\t<h5 class=\"sow-features-feature-title\">\n\t\t\t\t\t\tNATURE &amp; SILENCE\t\t\t\t\t<\/h5>\n\t\t\t\t\n\t\t\t\t\t\t\t\t\t<div class=\"sow-features-feature-text\">\n\t\t\t\t\t<p style=\"text-align: left\">Ici, la nature et la tranquillit\u00e9 r\u00e8gnent en ma\u00eetre. Les nombreux lacs et la for\u00eat vous invitent \u00e0 les d\u00e9couvrir \u00e0 pied, en v\u00e9lo et \u00e0 cheval. La vie dans les Vosges reste simple et rurale, toujours amicale et bienveillante. Il y a peu de tourisme.<\/p>\n<p><a href=\"http:\/\/www.chaletmignon.ch\/wp-content\/uploads\/2018\/04\/natur.jpg\" class=\"image-link\"><img loading=\"lazy\" decoding=\"async\" class=\"alignnone size-full wp-image-617\" src=\"http:\/\/www.chaletmignon.ch\/wp-content\/uploads\/2018\/04\/natur.jpg\" alt=\"\" width=\"1120\" height=\"840\" srcset=\"https:\/\/chaletmignon.ch\/wp-content\/uploads\/2018\/04\/natur.jpg 1120w, https:\/\/chaletmignon.ch\/wp-content\/uploads\/2018\/04\/natur-300x225.jpg 300w, https:\/\/chaletmignon.ch\/wp-content\/uploads\/2018\/04\/natur-768x576.jpg 768w, https:\/\/chaletmignon.ch\/wp-content\/uploads\/2018\/04\/natur-1024x768.jpg 1024w, https:\/\/chaletmignon.ch\/wp-content\/uploads\/2018\/04\/natur-848x636.jpg 848w, https:\/\/chaletmignon.ch\/wp-content\/uploads\/2018\/04\/natur-48x36.jpg 48w, https:\/\/chaletmignon.ch\/wp-content\/uploads\/2018\/04\/natur-250x188.jpg 250w, https:\/\/chaletmignon.ch\/wp-content\/uploads\/2018\/04\/natur-550x413.jpg 550w, https:\/\/chaletmignon.ch\/wp-content\/uploads\/2018\/04\/natur-800x600.jpg 800w, https:\/\/chaletmignon.ch\/wp-content\/uploads\/2018\/04\/natur-240x180.jpg 240w, https:\/\/chaletmignon.ch\/wp-content\/uploads\/2018\/04\/natur-400x300.jpg 400w, https:\/\/chaletmignon.ch\/wp-content\/uploads\/2018\/04\/natur-667x500.jpg 667w, https:\/\/chaletmignon.ch\/wp-content\/uploads\/2018\/04\/natur-200x150.jpg 200w, https:\/\/chaletmignon.ch\/wp-content\/uploads\/2018\/04\/natur-380x285.jpg 380w\" sizes=\"auto, (max-width: 1120px) 100vw, 1120px\" \/><\/a><\/p>\n\t\t\t\t\t<\/div>\n\t\t\t\t\t\t\t\t<\/div>\n\t\t\t\t\t\t\t\t<\/li>\n\n\t\t\t<li\n\t\t\tclass=\"sow-features-feature sow-icon-container-position-top\"\n\t\t\tstyle=\"display: flex; flex-direction: column; width: calc(33.333% - 25px);\"\n\t\t>\n\t\t\t\n\t\t\t\t\t\t<div\t\t\t\tclass=\"sow-icon-container sow-container-round\"\n\t\t\t\tstyle=\"color: #dd3333; \"\n\t\t\t\ttitle=\"L&#039;ENVIRONNEMENT\"\n\t\t\t\t\t\t\t>\n\t\t\t\t<span class=\"sow-icon-elegantline\" data-sow-icon=\"&#xe03e;\"\n\t\tstyle=\"font-size: 50px; color: #FFFFFF\" \n\t\taria-hidden=\"true\"><\/span>\t\t\t<\/div>\n\n\t\t\t<div class=\"textwidget\">\n\t\t\t\t\n\t\t\t\t\t\t\t\t\t<h5 class=\"sow-features-feature-title\">\n\t\t\t\t\t\tLES ALENTOURS\t\t\t\t\t<\/h5>\n\t\t\t\t\n\t\t\t\t\t\t\t\t\t<div class=\"sow-features-feature-text\">\n\t\t\t\t\t<p>Il existe de nombreuses sources thermales dans les environs, dont les plus chaudes d'Europe. Un peu plus loin, de belles villes et villages comme Belfort, Montb\u00e9liard, Besan\u00e7on, G\u00e9rardmer ou Nancy vous invitent \u00e0 les visiter.<\/p>\n<p><a href=\"http:\/\/www.chaletmignon.ch\/wp-content\/uploads\/2018\/04\/Umgebung.jpg\" class=\"image-link\"><img loading=\"lazy\" decoding=\"async\" class=\"alignnone size-full wp-image-618\" src=\"http:\/\/www.chaletmignon.ch\/wp-content\/uploads\/2018\/04\/Umgebung.jpg\" alt=\"\" width=\"1200\" height=\"900\" srcset=\"https:\/\/chaletmignon.ch\/wp-content\/uploads\/2018\/04\/Umgebung.jpg 1200w, https:\/\/chaletmignon.ch\/wp-content\/uploads\/2018\/04\/Umgebung-300x225.jpg 300w, https:\/\/chaletmignon.ch\/wp-content\/uploads\/2018\/04\/Umgebung-768x576.jpg 768w, https:\/\/chaletmignon.ch\/wp-content\/uploads\/2018\/04\/Umgebung-1024x768.jpg 1024w, https:\/\/chaletmignon.ch\/wp-content\/uploads\/2018\/04\/Umgebung-848x636.jpg 848w, https:\/\/chaletmignon.ch\/wp-content\/uploads\/2018\/04\/Umgebung-1140x855.jpg 1140w, https:\/\/chaletmignon.ch\/wp-content\/uploads\/2018\/04\/Umgebung-1170x878.jpg 1170w, https:\/\/chaletmignon.ch\/wp-content\/uploads\/2018\/04\/Umgebung-48x36.jpg 48w, https:\/\/chaletmignon.ch\/wp-content\/uploads\/2018\/04\/Umgebung-250x188.jpg 250w, https:\/\/chaletmignon.ch\/wp-content\/uploads\/2018\/04\/Umgebung-550x413.jpg 550w, https:\/\/chaletmignon.ch\/wp-content\/uploads\/2018\/04\/Umgebung-800x600.jpg 800w, https:\/\/chaletmignon.ch\/wp-content\/uploads\/2018\/04\/Umgebung-240x180.jpg 240w, https:\/\/chaletmignon.ch\/wp-content\/uploads\/2018\/04\/Umgebung-400x300.jpg 400w, https:\/\/chaletmignon.ch\/wp-content\/uploads\/2018\/04\/Umgebung-667x500.jpg 667w, https:\/\/chaletmignon.ch\/wp-content\/uploads\/2018\/04\/Umgebung-200x150.jpg 200w, https:\/\/chaletmignon.ch\/wp-content\/uploads\/2018\/04\/Umgebung-380x285.jpg 380w\" sizes=\"auto, (max-width: 1200px) 100vw, 1200px\" \/><\/a><\/p>\n\t\t\t\t\t<\/div>\n\t\t\t\t\t\t\t\t<\/div>\n\t\t\t\t\t\t\t\t<\/li>\n\n\t<\/ul>\n<\/div><\/div><\/div><\/div><\/div>","protected":false},"excerpt":{"rendered":"<p>LE PLATEAU Le Chalet Mignon est situ\u00e9 au milieu d&rsquo;une propri\u00e9t\u00e9 priv\u00e9e de 10ha sur le plateau des 1000 \u00e9tangs. \u00a0 \u00ab\u00a0La r\u00e9gion des milles\u00a0\u00bb \u00e9tangs est situ\u00e9e dans une r\u00e9serve naturelle \u00e0 environ 600 \u00e0 800 m au-dessus du niveau de la mer, au pied des Vosges saoniennes. Il est accessible depuis B\u00e2le en [&hellip;]<\/p>\n","protected":false},"author":1,"featured_media":0,"parent":0,"menu_order":0,"comment_status":"closed","ping_status":"closed","template":"","meta":{"footnotes":""},"class_list":["post-1170","page","type-page","status-publish","hentry"],"_links":{"self":[{"href":"https:\/\/chaletmignon.ch\/fr\/wp-json\/wp\/v2\/pages\/1170","targetHints":{"allow":["GET"]}}],"collection":[{"href":"https:\/\/chaletmignon.ch\/fr\/wp-json\/wp\/v2\/pages"}],"about":[{"href":"https:\/\/chaletmignon.ch\/fr\/wp-json\/wp\/v2\/types\/page"}],"author":[{"embeddable":true,"href":"https:\/\/chaletmignon.ch\/fr\/wp-json\/wp\/v2\/users\/1"}],"replies":[{"embeddable":true,"href":"https:\/\/chaletmignon.ch\/fr\/wp-json\/wp\/v2\/comments?post=1170"}],"version-history":[{"count":7,"href":"https:\/\/chaletmignon.ch\/fr\/wp-json\/wp\/v2\/pages\/1170\/revisions"}],"predecessor-version":[{"id":1188,"href":"https:\/\/chaletmignon.ch\/fr\/wp-json\/wp\/v2\/pages\/1170\/revisions\/1188"}],"wp:attachment":[{"href":"https:\/\/chaletmignon.ch\/fr\/wp-json\/wp\/v2\/media?parent=1170"}],"curies":[{"name":"wp","href":"https:\/\/api.w.org\/{rel}","templated":true}]}}