{"id":1153,"date":"2018-02-15T17:22:12","date_gmt":"2018-02-15T17:22:12","guid":{"rendered":"http:\/\/www.chaletmignon.ch\/daschalet\/"},"modified":"2021-01-16T18:39:12","modified_gmt":"2021-01-16T18:39:12","slug":"daschalet","status":"publish","type":"page","link":"https:\/\/chaletmignon.ch\/fr\/daschalet\/","title":{"rendered":"Le chalet"},"content":{"rendered":"<div id=\"pl-1153\"  class=\"panel-layout\" ><div id=\"pg-1153-0\"  class=\"panel-grid panel-no-style\" ><div id=\"pgc-1153-0-0\"  class=\"panel-grid-cell\" ><div id=\"panel-1153-0-0-0\" class=\"so-panel widget widget_sow-features panel-first-child panel-last-child\" data-index=\"0\" ><div\n\t\t\t\n\t\t\tclass=\"so-widget-sow-features so-widget-sow-features-default-e271a18c020f-1153\"\n\t\t\t\n\t\t><ul\n\tclass=\"sow-features-list\n\tsow-features-responsive\">\n\n\t\t\t<li\n\t\t\tclass=\"sow-features-feature sow-icon-container-position-top\"\n\t\t\tstyle=\"display: flex; flex-direction: column; width: calc(50% - 25px);\"\n\t\t>\n\t\t\t\n\t\t\t\t\t\t<div\t\t\t\tclass=\"sow-icon-container sow-container-round\"\n\t\t\t\tstyle=\"color: #215600; \"\n\t\t\t\ttitle=\"DORMIR\"\n\t\t\t\t\t\t\t>\n\t\t\t\t<span class=\"sow-icon-fontawesome sow-fas\" data-sow-icon=\"&#xf236;\"\n\t\tstyle=\"font-size: 24px; color: #FFFFFF\" \n\t\taria-hidden=\"true\"><\/span>\t\t\t<\/div>\n\n\t\t\t<div class=\"textwidget\">\n\t\t\t\t\n\t\t\t\t\t\t\t\t\t<h5 class=\"sow-features-feature-title\">\n\t\t\t\t\t\tDORMIR\t\t\t\t\t<\/h5>\n\t\t\t\t\n\t\t\t\t\t\t\t\t\t<div class=\"sow-features-feature-text\">\n\t\t\t\t\t<p>Sous les deux pignons du toit, il y a une chambre \u00e0 coucher avec une largeur de lit de 1,4 m et une autre avec 1,6 m. L'acc\u00e8s aux deux chambres \u00e0 coucher dans les pignons se fait par des \u00e9chelles. Le canap\u00e9 existant peut \u00e9galement \u00eatre utilis\u00e9 comme canap\u00e9-lit.<\/p>\n<p><a href=\"http:\/\/www.chaletmignon.ch\/wp-content\/uploads\/2018\/04\/schlafen.jpg\" class=\"image-link\"><img loading=\"lazy\" decoding=\"async\" class=\"alignnone size-full wp-image-621\" src=\"http:\/\/www.chaletmignon.ch\/wp-content\/uploads\/2018\/04\/schlafen.jpg\" alt=\"\" width=\"1200\" height=\"900\" srcset=\"https:\/\/chaletmignon.ch\/wp-content\/uploads\/2018\/04\/schlafen.jpg 1200w, https:\/\/chaletmignon.ch\/wp-content\/uploads\/2018\/04\/schlafen-300x225.jpg 300w, https:\/\/chaletmignon.ch\/wp-content\/uploads\/2018\/04\/schlafen-768x576.jpg 768w, https:\/\/chaletmignon.ch\/wp-content\/uploads\/2018\/04\/schlafen-1024x768.jpg 1024w, https:\/\/chaletmignon.ch\/wp-content\/uploads\/2018\/04\/schlafen-848x636.jpg 848w, https:\/\/chaletmignon.ch\/wp-content\/uploads\/2018\/04\/schlafen-1140x855.jpg 1140w, https:\/\/chaletmignon.ch\/wp-content\/uploads\/2018\/04\/schlafen-1170x878.jpg 1170w, https:\/\/chaletmignon.ch\/wp-content\/uploads\/2018\/04\/schlafen-48x36.jpg 48w, https:\/\/chaletmignon.ch\/wp-content\/uploads\/2018\/04\/schlafen-250x188.jpg 250w, https:\/\/chaletmignon.ch\/wp-content\/uploads\/2018\/04\/schlafen-550x413.jpg 550w, https:\/\/chaletmignon.ch\/wp-content\/uploads\/2018\/04\/schlafen-800x600.jpg 800w, https:\/\/chaletmignon.ch\/wp-content\/uploads\/2018\/04\/schlafen-240x180.jpg 240w, https:\/\/chaletmignon.ch\/wp-content\/uploads\/2018\/04\/schlafen-400x300.jpg 400w, https:\/\/chaletmignon.ch\/wp-content\/uploads\/2018\/04\/schlafen-667x500.jpg 667w, https:\/\/chaletmignon.ch\/wp-content\/uploads\/2018\/04\/schlafen-200x150.jpg 200w, https:\/\/chaletmignon.ch\/wp-content\/uploads\/2018\/04\/schlafen-380x285.jpg 380w\" sizes=\"auto, (max-width: 1200px) 100vw, 1200px\" \/><\/a><\/p>\n\t\t\t\t\t<\/div>\n\t\t\t\t\t\t\t\t<\/div>\n\t\t\t\t\t\t\t\t<\/li>\n\n\t\t\t<li\n\t\t\tclass=\"sow-features-feature sow-icon-container-position-top\"\n\t\t\tstyle=\"display: flex; flex-direction: column; width: calc(50% - 25px);\"\n\t\t>\n\t\t\t\n\t\t\t\t\t\t<div\t\t\t\tclass=\"sow-icon-container sow-container-round\"\n\t\t\t\tstyle=\"color: #215600; \"\n\t\t\t\ttitle=\"DOUCHE &amp; BAIN\"\n\t\t\t\t\t\t\t>\n\t\t\t\t<span class=\"sow-icon-fontawesome sow-fas\" data-sow-icon=\"&#xf2cd;\"\n\t\tstyle=\"font-size: 24px; color: #FFFFFF\" \n\t\taria-hidden=\"true\"><\/span>\t\t\t<\/div>\n\n\t\t\t<div class=\"textwidget\">\n\t\t\t\t\n\t\t\t\t\t\t\t\t\t<h5 class=\"sow-features-feature-title\">\n\t\t\t\t\t\tDOUCHE &amp; BAIN\t\t\t\t\t<\/h5>\n\t\t\t\t\n\t\t\t\t\t\t\t\t\t<div class=\"sow-features-feature-text\">\n\t\t\t\t\t<p>Une petite salle de bains avec lavabo, toilettes et douche offre le confort habituel. Par beau temps et temp\u00e9ratures tol\u00e9rables, notre propre lac vous invite \u00e0 nager. Un petit bateau \u00e0 rames est disponible.<\/p>\n<p><a href=\"http:\/\/www.chaletmignon.ch\/wp-content\/uploads\/2018\/04\/DSC_0334.jpg\" class=\"image-link\"><img loading=\"lazy\" decoding=\"async\" class=\"alignnone size-full wp-image-624\" src=\"http:\/\/www.chaletmignon.ch\/wp-content\/uploads\/2018\/04\/DSC_0334.jpg\" alt=\"\" width=\"1024\" height=\"680\" srcset=\"https:\/\/chaletmignon.ch\/wp-content\/uploads\/2018\/04\/DSC_0334.jpg 1024w, https:\/\/chaletmignon.ch\/wp-content\/uploads\/2018\/04\/DSC_0334-300x199.jpg 300w, https:\/\/chaletmignon.ch\/wp-content\/uploads\/2018\/04\/DSC_0334-768x510.jpg 768w, https:\/\/chaletmignon.ch\/wp-content\/uploads\/2018\/04\/DSC_0334-848x563.jpg 848w, https:\/\/chaletmignon.ch\/wp-content\/uploads\/2018\/04\/DSC_0334-48x32.jpg 48w, https:\/\/chaletmignon.ch\/wp-content\/uploads\/2018\/04\/DSC_0334-250x166.jpg 250w, https:\/\/chaletmignon.ch\/wp-content\/uploads\/2018\/04\/DSC_0334-550x365.jpg 550w, https:\/\/chaletmignon.ch\/wp-content\/uploads\/2018\/04\/DSC_0334-800x531.jpg 800w, https:\/\/chaletmignon.ch\/wp-content\/uploads\/2018\/04\/DSC_0334-271x180.jpg 271w, https:\/\/chaletmignon.ch\/wp-content\/uploads\/2018\/04\/DSC_0334-452x300.jpg 452w, https:\/\/chaletmignon.ch\/wp-content\/uploads\/2018\/04\/DSC_0334-753x500.jpg 753w, https:\/\/chaletmignon.ch\/wp-content\/uploads\/2018\/04\/DSC_0334-210x139.jpg 210w, https:\/\/chaletmignon.ch\/wp-content\/uploads\/2018\/04\/DSC_0334-400x266.jpg 400w, https:\/\/chaletmignon.ch\/wp-content\/uploads\/2018\/04\/DSC_0334-272x182.jpg 272w\" sizes=\"auto, (max-width: 1024px) 100vw, 1024px\" \/><\/a><\/p>\n\t\t\t\t\t<\/div>\n\t\t\t\t\t\t\t\t<\/div>\n\t\t\t\t\t\t\t\t<\/li>\n\n\t\t\t<li\n\t\t\tclass=\"sow-features-feature sow-icon-container-position-top\"\n\t\t\tstyle=\"display: flex; flex-direction: column; width: calc(50% - 25px);\"\n\t\t>\n\t\t\t\n\t\t\t\t\t\t<div\t\t\t\tclass=\"sow-icon-container sow-container-round\"\n\t\t\t\tstyle=\"color: #215600; \"\n\t\t\t\ttitle=\"VIVRE, CUISINER ET MANGER\"\n\t\t\t\t\t\t\t>\n\t\t\t\t<span class=\"sow-icon-elegantline\" data-sow-icon=\"&#xe043;\"\n\t\tstyle=\"font-size: 24px; color: #FFFFFF\" \n\t\taria-hidden=\"true\"><\/span>\t\t\t<\/div>\n\n\t\t\t<div class=\"textwidget\">\n\t\t\t\t\n\t\t\t\t\t\t\t\t\t<h5 class=\"sow-features-feature-title\">\n\t\t\t\t\t\tVIVRE, CUISINER ET MANGER\t\t\t\t\t<\/h5>\n\t\t\t\t\n\t\t\t\t\t\t\t\t\t<div class=\"sow-features-feature-text\">\n\t\t\t\t\t<p>Notre confortable Chalet Mignon dispose d'un salon avec canap\u00e9 et table \u00e0 manger et d'une petite cuisine (plaques de cuisson, r\u00e9frig\u00e9rateur, micro grill). Il offre un espace pour un maximum de deux adultes avec deux enfants. Le petit jardin d'herbes aromatiques pr\u00e8s de la terrasse est \u00e0 votre disposition !<\/p>\n<p><a href=\"http:\/\/www.chaletmignon.ch\/wp-content\/uploads\/2018\/04\/innen.jpg\" class=\"image-link\"><img loading=\"lazy\" decoding=\"async\" class=\"alignnone size-full wp-image-627\" src=\"http:\/\/www.chaletmignon.ch\/wp-content\/uploads\/2018\/04\/innen.jpg\" alt=\"\" width=\"1000\" height=\"1333\" srcset=\"https:\/\/chaletmignon.ch\/wp-content\/uploads\/2018\/04\/innen.jpg 1000w, https:\/\/chaletmignon.ch\/wp-content\/uploads\/2018\/04\/innen-225x300.jpg 225w, https:\/\/chaletmignon.ch\/wp-content\/uploads\/2018\/04\/innen-768x1024.jpg 768w, https:\/\/chaletmignon.ch\/wp-content\/uploads\/2018\/04\/innen-848x1130.jpg 848w, https:\/\/chaletmignon.ch\/wp-content\/uploads\/2018\/04\/innen-36x48.jpg 36w, https:\/\/chaletmignon.ch\/wp-content\/uploads\/2018\/04\/innen-250x333.jpg 250w, https:\/\/chaletmignon.ch\/wp-content\/uploads\/2018\/04\/innen-550x733.jpg 550w, https:\/\/chaletmignon.ch\/wp-content\/uploads\/2018\/04\/innen-800x1066.jpg 800w, https:\/\/chaletmignon.ch\/wp-content\/uploads\/2018\/04\/innen-135x180.jpg 135w, https:\/\/chaletmignon.ch\/wp-content\/uploads\/2018\/04\/innen-375x500.jpg 375w, https:\/\/chaletmignon.ch\/wp-content\/uploads\/2018\/04\/innen-113x150.jpg 113w, https:\/\/chaletmignon.ch\/wp-content\/uploads\/2018\/04\/innen-214x285.jpg 214w\" sizes=\"auto, (max-width: 1000px) 100vw, 1000px\" \/><\/a><\/p>\n\t\t\t\t\t<\/div>\n\t\t\t\t\t\t\t\t<\/div>\n\t\t\t\t\t\t\t\t<\/li>\n\n\t\t\t<li\n\t\t\tclass=\"sow-features-feature sow-icon-container-position-top\"\n\t\t\tstyle=\"display: flex; flex-direction: column; width: calc(50% - 25px);\"\n\t\t>\n\t\t\t\n\t\t\t\t\t\t<div\t\t\t\tclass=\"sow-icon-container sow-container-round\"\n\t\t\t\tstyle=\"color: #215600; \"\n\t\t\t\ttitle=\"D&#039;AUTRES D\u00c9TAILS\"\n\t\t\t\t\t\t\t>\n\t\t\t\t<span class=\"sow-icon-fontawesome sow-fas\" data-sow-icon=\"&#xf13d;\"\n\t\tstyle=\"font-size: 24px; color: #FFFFFF\" \n\t\taria-hidden=\"true\"><\/span>\t\t\t<\/div>\n\n\t\t\t<div class=\"textwidget\">\n\t\t\t\t\n\t\t\t\t\t\t\t\t\t<h5 class=\"sow-features-feature-title\">\n\t\t\t\t\t\tD'AUTRES D\u00c9TAILS\t\t\t\t\t<\/h5>\n\t\t\t\t\n\t\t\t\t\t\t\t\t\t<div class=\"sow-features-feature-text\">\n\t\t\t\t\t<p>\u00c0 l'ext\u00e9rieur du chalet, il y a une petite terrasse, des si\u00e8ges, une chemin\u00e9e pour faire des barbecues et notre lac naturel, qui peut \u00eatre utilis\u00e9 pour la baignade. Le chalet peut \u00eatre chauff\u00e9 avec une chemin\u00e9e. Internet, WiFi , connexions \u00e9lectriques CH- et une petite cha\u00eene st\u00e9r\u00e9o sont disponibles. Les bagages peuvent \u00eatre stock\u00e9s \u00e0 l'ext\u00e9rieur dans deux grandes bo\u00eetes. Un abri est disponible pour les v\u00e9los apport\u00e9s.<\/p>\n<p><a href=\"http:\/\/www.chaletmignon.ch\/wp-content\/uploads\/2018\/04\/DSC_0380-e1523298044218.jpg\" class=\"image-link\"><img loading=\"lazy\" decoding=\"async\" class=\"alignnone size-full wp-image-630\" src=\"http:\/\/www.chaletmignon.ch\/wp-content\/uploads\/2018\/04\/DSC_0380-e1523298044218.jpg\" alt=\"\" width=\"2136\" height=\"3216\" srcset=\"https:\/\/chaletmignon.ch\/wp-content\/uploads\/2018\/04\/DSC_0380-e1523298044218.jpg 2136w, https:\/\/chaletmignon.ch\/wp-content\/uploads\/2018\/04\/DSC_0380-e1523298044218-199x300.jpg 199w, https:\/\/chaletmignon.ch\/wp-content\/uploads\/2018\/04\/DSC_0380-e1523298044218-768x1156.jpg 768w, https:\/\/chaletmignon.ch\/wp-content\/uploads\/2018\/04\/DSC_0380-e1523298044218-680x1024.jpg 680w, https:\/\/chaletmignon.ch\/wp-content\/uploads\/2018\/04\/DSC_0380-e1523298044218-1920x2891.jpg 1920w, https:\/\/chaletmignon.ch\/wp-content\/uploads\/2018\/04\/DSC_0380-e1523298044218-848x1277.jpg 848w, https:\/\/chaletmignon.ch\/wp-content\/uploads\/2018\/04\/DSC_0380-e1523298044218-1140x1716.jpg 1140w, https:\/\/chaletmignon.ch\/wp-content\/uploads\/2018\/04\/DSC_0380-e1523298044218-1170x1762.jpg 1170w, https:\/\/chaletmignon.ch\/wp-content\/uploads\/2018\/04\/DSC_0380-e1523298044218-32x48.jpg 32w, https:\/\/chaletmignon.ch\/wp-content\/uploads\/2018\/04\/DSC_0380-e1523298044218-250x376.jpg 250w, https:\/\/chaletmignon.ch\/wp-content\/uploads\/2018\/04\/DSC_0380-e1523298044218-550x828.jpg 550w, https:\/\/chaletmignon.ch\/wp-content\/uploads\/2018\/04\/DSC_0380-e1523298044218-800x1204.jpg 800w, https:\/\/chaletmignon.ch\/wp-content\/uploads\/2018\/04\/DSC_0380-e1523298044218-120x180.jpg 120w, https:\/\/chaletmignon.ch\/wp-content\/uploads\/2018\/04\/DSC_0380-e1523298044218-332x500.jpg 332w, https:\/\/chaletmignon.ch\/wp-content\/uploads\/2018\/04\/DSC_0380-e1523298044218-100x150.jpg 100w, https:\/\/chaletmignon.ch\/wp-content\/uploads\/2018\/04\/DSC_0380-e1523298044218-189x285.jpg 189w\" sizes=\"auto, (max-width: 2136px) 100vw, 2136px\" \/><\/a><\/p>\n\t\t\t\t\t<\/div>\n\t\t\t\t\t\t\t\t<\/div>\n\t\t\t\t\t\t\t\t<\/li>\n\n\t<\/ul>\n<\/div><\/div><\/div><\/div><\/div>","protected":false},"excerpt":{"rendered":"<p>DORMIR Sous les deux pignons du toit, il y a une chambre \u00e0 coucher avec une largeur de lit de 1,4 m et une autre avec 1,6 m. L&rsquo;acc\u00e8s aux deux chambres \u00e0 coucher dans les pignons se fait par des \u00e9chelles. Le canap\u00e9 existant peut \u00e9galement \u00eatre utilis\u00e9 comme canap\u00e9-lit. DOUCHE &amp; BAIN Une [&hellip;]<\/p>\n","protected":false},"author":1,"featured_media":0,"parent":0,"menu_order":0,"comment_status":"closed","ping_status":"closed","template":"","meta":{"footnotes":""},"class_list":["post-1153","page","type-page","status-publish","hentry"],"_links":{"self":[{"href":"https:\/\/chaletmignon.ch\/fr\/wp-json\/wp\/v2\/pages\/1153","targetHints":{"allow":["GET"]}}],"collection":[{"href":"https:\/\/chaletmignon.ch\/fr\/wp-json\/wp\/v2\/pages"}],"about":[{"href":"https:\/\/chaletmignon.ch\/fr\/wp-json\/wp\/v2\/types\/page"}],"author":[{"embeddable":true,"href":"https:\/\/chaletmignon.ch\/fr\/wp-json\/wp\/v2\/users\/1"}],"replies":[{"embeddable":true,"href":"https:\/\/chaletmignon.ch\/fr\/wp-json\/wp\/v2\/comments?post=1153"}],"version-history":[{"count":7,"href":"https:\/\/chaletmignon.ch\/fr\/wp-json\/wp\/v2\/pages\/1153\/revisions"}],"predecessor-version":[{"id":1166,"href":"https:\/\/chaletmignon.ch\/fr\/wp-json\/wp\/v2\/pages\/1153\/revisions\/1166"}],"wp:attachment":[{"href":"https:\/\/chaletmignon.ch\/fr\/wp-json\/wp\/v2\/media?parent=1153"}],"curies":[{"name":"wp","href":"https:\/\/api.w.org\/{rel}","templated":true}]}}