{"id":1144,"date":"2018-02-15T17:22:13","date_gmt":"2018-02-15T17:22:13","guid":{"rendered":"http:\/\/www.chaletmignon.ch\/demande-de-reservation\/"},"modified":"2025-11-29T18:14:47","modified_gmt":"2025-11-29T18:14:47","slug":"demande-de-reservation","status":"publish","type":"page","link":"https:\/\/chaletmignon.ch\/fr\/demande-de-reservation\/","title":{"rendered":"Demande de r\u00e9servation"},"content":{"rendered":"<p>Veuillez effectuer votre demande de r\u00e9servation via le site web ci-dessous. En tant qu&rsquo;h\u00f4te, il est plus facile pour nous de g\u00e9rer les demandes et les r\u00e9servations par le moins de plates-formes possible.<\/p>\n<p style=\"text-align: center;\"><a href=\"https:\/\/www.gites.fr\/gites_chalet-dans-reserve-naturelle-avec-etang-prive-mille-etangs_faucogney-et-la-mer_66354.htm\" target=\"_blank\" rel=\"noopener\">www.gites.fr<\/a><\/p>\n<p>Par ailleurs, vous trouverez chez nous trois autres locations si le chalet est d\u00e9j\u00e0 occup\u00e9 pour la p\u00e9riode que vous avez indiqu\u00e9e :<\/p>\n<p style=\"text-align: center;\"><a href=\"https:\/\/www.gites.fr\/gites_appartement-douglasie-dans-une-ferme-avec-etang-mille-etangs_faucogney-et-la-mer_64865.htm\" target=\"_blank\" rel=\"noopener\">Appartement Douglasie<\/a><\/p>\n<p style=\"text-align: center;\"><a href=\"https:\/\/www.chambres-hotes.fr\/chambres-hotes_chambre-merisier-dans-ferme-avec-etang-mille-etangs_faucogney-et-la-mer_71209.htm\" target=\"_blank\" rel=\"noopener\">Chambre Merisier<\/a><\/p>\n<p style=\"text-align: center;\"><a href=\"https:\/\/www.labellechambre.ch\" target=\"_blank\" rel=\"noopener\">La Belle Chambre (sur demande)<\/a><\/p>\n","protected":false},"excerpt":{"rendered":"<p>Veuillez effectuer votre demande de r\u00e9servation via le site web ci-dessous. En tant qu&rsquo;h\u00f4te, il est plus facile pour nous de g\u00e9rer les demandes et les r\u00e9servations par le moins de plates-formes possible. www.gites.fr Par ailleurs, vous trouverez chez nous trois autres locations si le chalet est d\u00e9j\u00e0 occup\u00e9 pour la p\u00e9riode que vous avez [&hellip;]<\/p>\n","protected":false},"author":1,"featured_media":0,"parent":0,"menu_order":0,"comment_status":"closed","ping_status":"closed","template":"","meta":{"footnotes":""},"class_list":["post-1144","page","type-page","status-publish","hentry"],"_links":{"self":[{"href":"https:\/\/chaletmignon.ch\/fr\/wp-json\/wp\/v2\/pages\/1144","targetHints":{"allow":["GET"]}}],"collection":[{"href":"https:\/\/chaletmignon.ch\/fr\/wp-json\/wp\/v2\/pages"}],"about":[{"href":"https:\/\/chaletmignon.ch\/fr\/wp-json\/wp\/v2\/types\/page"}],"author":[{"embeddable":true,"href":"https:\/\/chaletmignon.ch\/fr\/wp-json\/wp\/v2\/users\/1"}],"replies":[{"embeddable":true,"href":"https:\/\/chaletmignon.ch\/fr\/wp-json\/wp\/v2\/comments?post=1144"}],"version-history":[{"count":6,"href":"https:\/\/chaletmignon.ch\/fr\/wp-json\/wp\/v2\/pages\/1144\/revisions"}],"predecessor-version":[{"id":1425,"href":"https:\/\/chaletmignon.ch\/fr\/wp-json\/wp\/v2\/pages\/1144\/revisions\/1425"}],"wp:attachment":[{"href":"https:\/\/chaletmignon.ch\/fr\/wp-json\/wp\/v2\/media?parent=1144"}],"curies":[{"name":"wp","href":"https:\/\/api.w.org\/{rel}","templated":true}]}}