{"id":1123,"date":"2018-03-28T15:56:37","date_gmt":"2018-03-28T15:56:37","guid":{"rendered":"http:\/\/www.chaletmignon.ch\/bewertungen\/"},"modified":"2021-01-16T11:34:46","modified_gmt":"2021-01-16T11:34:46","slug":"bewertungen","status":"publish","type":"page","link":"https:\/\/chaletmignon.ch\/fr\/bewertungen\/","title":{"rendered":"Evaluations"},"content":{"rendered":"<div id=\"pl-1123\"  class=\"panel-layout\" ><div id=\"pg-1123-0\"  class=\"panel-grid panel-no-style\" ><div id=\"pgc-1123-0-0\"  class=\"panel-grid-cell\" ><div id=\"panel-1123-0-0-0\" class=\"so-panel widget widget_sow-editor panel-first-child\" data-index=\"0\" ><div\n\t\t\t\n\t\t\tclass=\"so-widget-sow-editor so-widget-sow-editor-base\"\n\t\t\t\n\t\t>\n<div class=\"siteorigin-widget-tinymce textwidget\">\n\t<p>Vous trouverez ci-dessous quelques commentaires sur notre Chalet Mignon. Vous pouvez \u00e9galement trouver ces r\u00e9actions et d'autres commentaires sur le site web Ferienhausmiete.de ou directement avec ce <a href=\"https:\/\/www.ferienhausmiete.de\/56381.htm#bewertungen\" target=\"_blank\" rel=\"noopener\">lien<\/a>.\u00a0<\/p>\n<\/div>\n<\/div><\/div><div id=\"panel-1123-0-0-1\" class=\"so-panel widget widget_sow-features\" data-index=\"1\" ><div\n\t\t\t\n\t\t\tclass=\"so-widget-sow-features so-widget-sow-features-default-271011748042-1123\"\n\t\t\t\n\t\t><ul\n\tclass=\"sow-features-list\n\tsow-features-responsive\">\n\n\t\t\t<li\n\t\t\tclass=\"sow-features-feature sow-icon-container-position-top\"\n\t\t\tstyle=\"display: flex; flex-direction: column; width: calc(50% - 25px);\"\n\t\t>\n\t\t\t\n\t\t\t\t\t\t<div\t\t\t\tclass=\"sow-icon-container sow-container-round\"\n\t\t\t\tstyle=\"color: #874002; \"\n\t\t\t\t\n\t\t\t\t\t\t\t>\n\t\t\t\t<span class=\"sow-icon-fontawesome sow-fas\" data-sow-icon=\"&#xf1ae;\"\n\t\tstyle=\"font-size: 24px; color: #FFFFFF\" \n\t\taria-hidden=\"true\"><\/span>\t\t\t<\/div>\n\n\t\t\t<div class=\"textwidget\">\n\t\t\t\t\n\t\t\t\t\t\t\t\t\t<h5 class=\"sow-features-feature-title\">\n\t\t\t\t\t\tPaix et d\u00e9tente, nature pure, tout simplement g\u00e9nial !\t\t\t\t\t<\/h5>\n\t\t\t\t\n\t\t\t\t\t\t\t\t\t<div class=\"sow-features-feature-text\">\n\t\t\t\t\t<p>Il n'est pas si facile pour nous de trouver les mots justes pour cet endroit sp\u00e9cial.....we, (2 adultes et trois enfants de 13, 11 et 8 ans) ont beaucoup appr\u00e9ci\u00e9 cette semaine. Le calme et la beaut\u00e9 de l'endroit, avec ses nombreux lacs et ses for\u00eats verdoyantes, sont vraiment d'une beaut\u00e9 paradisiaque ! Nager dans le lac, ramer avec le petit bateau, d\u00e9couvrir les bois, visiter les nombreux animaux et m\u00eame monter \u00e0 cheval \u00e9tait vraiment g\u00e9nial. Les h\u00f4tes Denise et Urs, sympathiques et tr\u00e8s accueillants, que nous avons eu dans ce court laps de temps, nous ont d\u00e9j\u00e0 vraiment pris \u00e0 c\u0153ur, ce qui ne nous a pas facilit\u00e9 la t\u00e2che pour dire au revoir \u00e0 ce beau coin du monde. MERCI 1000 fois !!!!<\/p>\n<p>Renate B. de Hochdorf\/Suisse, juillet 2017<\/p>\n\t\t\t\t\t<\/div>\n\t\t\t\t\t\t\t\t<\/div>\n\t\t\t\t\t\t\t\t<\/li>\n\n\t\t\t<li\n\t\t\tclass=\"sow-features-feature sow-icon-container-position-top\"\n\t\t\tstyle=\"display: flex; flex-direction: column; width: calc(50% - 25px);\"\n\t\t>\n\t\t\t\n\t\t\t\t\t\t<div\t\t\t\tclass=\"sow-icon-container sow-container-round\"\n\t\t\t\tstyle=\"color: #874002; \"\n\t\t\t\t\n\t\t\t\t\t\t\t>\n\t\t\t\t<span class=\"sow-icon-fontawesome sow-fas\" data-sow-icon=\"&#xf1ae;\"\n\t\tstyle=\"font-size: 24px; color: #FFFFFF\" \n\t\taria-hidden=\"true\"><\/span>\t\t\t<\/div>\n\n\t\t\t<div class=\"textwidget\">\n\t\t\t\t\n\t\t\t\t\t\t\t\t\t<h5 class=\"sow-features-feature-title\">\n\t\t\t\t\t\tUne v\u00e9ritable oasis de nature et de tranquillit\u00e9 pour se d\u00e9tendre et se relaxer !\t\t\t\t\t<\/h5>\n\t\t\t\t\n\t\t\t\t\t\t\t\t\t<div class=\"sow-features-feature-text\">\n\t\t\t\t\t<p>Nous sommes rentr\u00e9s \u00e0 la maison aujourd'hui apr\u00e8s une semaine merveilleusement relaxante au Chalet Mignon et je dois \u00eatre honn\u00eate, nous sommes partis un peu tristes et nostalgiques... ! Un merveilleux lieu de paix et de d\u00e9tente ! Merci aux chers propri\u00e9taires Urs et Denise pour leur tr\u00e8s agr\u00e9able hospitalit\u00e9 ! Nous n'\u00e9tions certainement pas la premi\u00e8re et la derni\u00e8re fois l\u00e0-bas ! \ud83d\ude42 Christiane et Matthias avec Till (17 ans) et Anne (12 ans) et notre cher chien.<\/p>\n<p>Christiane S. de 79297 Winden \/ Allemagne, juillet 2017<\/p>\n\t\t\t\t\t<\/div>\n\t\t\t\t\t\t\t\t<\/div>\n\t\t\t\t\t\t\t\t<\/li>\n\n\t<\/ul>\n<\/div><\/div><div id=\"panel-1123-0-0-2\" class=\"so-panel widget widget_sow-features panel-last-child\" data-index=\"2\" ><div\n\t\t\t\n\t\t\tclass=\"so-widget-sow-features so-widget-sow-features-default-271011748042-1123\"\n\t\t\t\n\t\t><ul\n\tclass=\"sow-features-list\n\tsow-features-responsive\">\n\n\t\t\t<li\n\t\t\tclass=\"sow-features-feature sow-icon-container-position-top\"\n\t\t\tstyle=\"display: flex; flex-direction: column; width: calc(50% - 25px);\"\n\t\t>\n\t\t\t\n\t\t\t\t\t\t<div\t\t\t\tclass=\"sow-icon-container sow-container-round\"\n\t\t\t\tstyle=\"color: #874002; \"\n\t\t\t\t\n\t\t\t\t\t\t\t>\n\t\t\t\t<span class=\"sow-icon-fontawesome sow-fas\" data-sow-icon=\"&#xf1ae;\"\n\t\tstyle=\"font-size: 24px; color: #FFFFFF\" \n\t\taria-hidden=\"true\"><\/span>\t\t\t<\/div>\n\n\t\t\t<div class=\"textwidget\">\n\t\t\t\t\n\t\t\t\t\t\t\t\t\t<h5 class=\"sow-features-feature-title\">\n\t\t\t\t\t\tLa d\u00e9tente pure !\t\t\t\t\t<\/h5>\n\t\t\t\t\n\t\t\t\t\t\t\t\t\t<div class=\"sow-features-feature-text\">\n\t\t\t\t\t<p>Un bel endroit pour s'\u00e9vader et se d\u00e9tendre.<br \/>\nNous avons beaucoup appr\u00e9ci\u00e9 cette semaine, surtout les h\u00f4tes tr\u00e8s sympathiques !<br \/>\nVous pouvez faire de merveilleuses promenades dans la nature mais aussi de courtes excursions dans de vieilles villes pittoresques comme Belfort.<br \/>\nOu bien profitez simplement du soleil dans un transat avec un livre. Nous avons beaucoup utilis\u00e9 les installations de barbecue.<br \/>\nTout \u00e9tait merveilleux et harmonieux.<\/p>\n<p>Rebecca P. de Ulm \/ Allemagne, mai 2016<\/p>\n\t\t\t\t\t<\/div>\n\t\t\t\t\t\t\t\t<\/div>\n\t\t\t\t\t\t\t\t<\/li>\n\n\t\t\t<li\n\t\t\tclass=\"sow-features-feature sow-icon-container-position-top\"\n\t\t\tstyle=\"display: flex; flex-direction: column; width: calc(50% - 25px);\"\n\t\t>\n\t\t\t\n\t\t\t\t\t\t<div\t\t\t\tclass=\"sow-icon-container sow-container-round\"\n\t\t\t\tstyle=\"color: #874002; \"\n\t\t\t\t\n\t\t\t\t\t\t\t>\n\t\t\t\t<span class=\"sow-icon-fontawesome sow-fas\" data-sow-icon=\"&#xf1ae;\"\n\t\tstyle=\"font-size: 24px; color: #FFFFFF\" \n\t\taria-hidden=\"true\"><\/span>\t\t\t<\/div>\n\n\t\t\t<div class=\"textwidget\">\n\t\t\t\t\n\t\t\t\t\t\t\t\t\t<h5 class=\"sow-features-feature-title\">\n\t\t\t\t\t\tLa d\u00e9tente pure dans la nature ...\t\t\t\t\t<\/h5>\n\t\t\t\t\n\t\t\t\t\t\t\t\t\t<div class=\"sow-features-feature-text\">\n\t\t\t\t\t<p>Si vous recherchez le calme et la d\u00e9tente dans la nature, vous \u00eates entre de bonnes mains avec Denise et Urs. Le chalet idyllique en bois sur le plateau offre une ambiance chaleureuse et d\u00e9tendue. Les h\u00f4tes sont extr\u00eamement chaleureux et agr\u00e9ables. La r\u00e9gion est id\u00e9ale pour les excursions, les promenades, etc.<br \/>\nA ce stade, un grand merci encore \u00e0 Denise et Urs pour cette belle semaine.<\/p>\n<p>Jens de 71665 Vaihingen Enz \/ Allemagne<\/p>\n\t\t\t\t\t<\/div>\n\t\t\t\t\t\t\t\t<\/div>\n\t\t\t\t\t\t\t\t<\/li>\n\n\t<\/ul>\n<\/div><\/div><\/div><\/div><div id=\"pg-1123-1\"  class=\"panel-grid panel-no-style\" ><div id=\"pgc-1123-1-0\"  class=\"panel-grid-cell panel-grid-cell-empty\" ><\/div><\/div><div id=\"pg-1123-2\"  class=\"panel-grid panel-has-style\" ><div class=\"panel-row-style panel-row-style-for-1123-2\" ><div id=\"pgc-1123-2-0\"  class=\"panel-grid-cell\" ><div id=\"panel-1123-2-0-0\" class=\"so-panel widget widget_text panel-first-child panel-last-child\" data-index=\"3\" ><h3 class=\"widget-title\">Quelques recommendations<\/h3>\t\t\t<div class=\"textwidget\"><p>Pour tout ce qui concerne le chien et le chat si vous \u00eates en Allemagne. Et s\u00e9rieusement.<br \/>\n<a href=\"https:\/\/www.snautz.de\/\" target=\"_blank\" rel=\"noopener\" class=\"image-link\"><img loading=\"lazy\" decoding=\"async\" class=\"alignleft wp-image-862 size-full\" src=\"http:\/\/www.chaletmignon.ch\/wp-content\/uploads\/2020\/01\/snautz.png\" alt=\"\" width=\"204\" height=\"60\" srcset=\"https:\/\/chaletmignon.ch\/wp-content\/uploads\/2020\/01\/snautz.png 204w, https:\/\/chaletmignon.ch\/wp-content\/uploads\/2020\/01\/snautz-48x14.png 48w\" sizes=\"auto, (max-width: 204px) 100vw, 204px\" \/><\/a><\/p>\n<\/div>\n\t\t<\/div><\/div><\/div><\/div><\/div>","protected":false},"excerpt":{"rendered":"<p>Vous trouverez ci-dessous quelques commentaires sur notre Chalet Mignon. Vous pouvez \u00e9galement trouver ces r\u00e9actions et d&rsquo;autres commentaires sur le site web Ferienhausmiete.de ou directement avec ce lien.\u00a0<\/p>\n","protected":false},"author":1,"featured_media":0,"parent":0,"menu_order":0,"comment_status":"closed","ping_status":"closed","template":"","meta":{"footnotes":""},"class_list":["post-1123","page","type-page","status-publish","hentry"],"_links":{"self":[{"href":"https:\/\/chaletmignon.ch\/fr\/wp-json\/wp\/v2\/pages\/1123","targetHints":{"allow":["GET"]}}],"collection":[{"href":"https:\/\/chaletmignon.ch\/fr\/wp-json\/wp\/v2\/pages"}],"about":[{"href":"https:\/\/chaletmignon.ch\/fr\/wp-json\/wp\/v2\/types\/page"}],"author":[{"embeddable":true,"href":"https:\/\/chaletmignon.ch\/fr\/wp-json\/wp\/v2\/users\/1"}],"replies":[{"embeddable":true,"href":"https:\/\/chaletmignon.ch\/fr\/wp-json\/wp\/v2\/comments?post=1123"}],"version-history":[{"count":11,"href":"https:\/\/chaletmignon.ch\/fr\/wp-json\/wp\/v2\/pages\/1123\/revisions"}],"predecessor-version":[{"id":1138,"href":"https:\/\/chaletmignon.ch\/fr\/wp-json\/wp\/v2\/pages\/1123\/revisions\/1138"}],"wp:attachment":[{"href":"https:\/\/chaletmignon.ch\/fr\/wp-json\/wp\/v2\/media?parent=1123"}],"curies":[{"name":"wp","href":"https:\/\/api.w.org\/{rel}","templated":true}]}}