{"id":1115,"date":"2018-04-03T16:40:36","date_gmt":"2018-04-03T16:40:36","guid":{"rendered":"http:\/\/www.chaletmignon.ch\/ausstattung\/"},"modified":"2021-01-16T11:35:22","modified_gmt":"2021-01-16T11:35:22","slug":"ausstattung","status":"publish","type":"page","link":"https:\/\/chaletmignon.ch\/fr\/ausstattung\/","title":{"rendered":"\u00c9quipement"},"content":{"rendered":"<div id=\"pl-1115\"  class=\"panel-layout\" ><div id=\"pg-1115-0\"  class=\"panel-grid panel-no-style\" ><div id=\"pgc-1115-0-0\"  class=\"panel-grid-cell\" ><div id=\"panel-1115-0-0-0\" class=\"so-panel widget widget_sow-features panel-first-child panel-last-child\" data-index=\"0\" ><div\n\t\t\t\n\t\t\tclass=\"so-widget-sow-features so-widget-sow-features-default-01b7c7c968b8-1115\"\n\t\t\t\n\t\t><ul\n\tclass=\"sow-features-list\n\tsow-features-responsive\">\n\n\t\t\t<li\n\t\t\tclass=\"sow-features-feature sow-icon-container-position-top\"\n\t\t\tstyle=\"display: flex; flex-direction: column; width: calc(33.333% - 25px);\"\n\t\t>\n\t\t\t\n\t\t\t\t\t\t<div\t\t\t\tclass=\"sow-icon-container sow-container-round\"\n\t\t\t\tstyle=\"color: #404040; \"\n\t\t\t\t\n\t\t\t\t\t\t\t>\n\t\t\t\t<span class=\"sow-icon-fontawesome sow-fas\" data-sow-icon=\"&#xf2cc;\"\n\t\tstyle=\"font-size: 24px; color: #FFFFFF\" \n\t\taria-hidden=\"true\"><\/span>\t\t\t<\/div>\n\n\t\t\t<div class=\"textwidget\">\n\t\t\t\t\n\t\t\t\t\t\t\t\t\t<h5 class=\"sow-features-feature-title\">\n\t\t\t\t\t\tLinge de lit\/serviettes\t\t\t\t\t<\/h5>\n\t\t\t\t\n\t\t\t\t\t\t\t\t\t<div class=\"sow-features-feature-text\">\n\t\t\t\t\t<p>Les draps, les serviettes de toilette et les torchons sont fournis et sont inclus dans le prix du nettoyage final. Il n'est pas n\u00e9cessaire de retirer les draps \u00e0 la fin de la location, nous le ferons volontiers pour vous.<\/p>\n\t\t\t\t\t<\/div>\n\t\t\t\t\t\t\t\t<\/div>\n\t\t\t\t\t\t\t\t<\/li>\n\n\t\t\t<li\n\t\t\tclass=\"sow-features-feature sow-icon-container-position-top\"\n\t\t\tstyle=\"display: flex; flex-direction: column; width: calc(33.333% - 25px);\"\n\t\t>\n\t\t\t\n\t\t\t\t\t\t<div\t\t\t\tclass=\"sow-icon-container sow-container-round\"\n\t\t\t\tstyle=\"color: #404040; \"\n\t\t\t\t\n\t\t\t\t\t\t\t>\n\t\t\t\t<span class=\"sow-icon-fontawesome sow-fas\" data-sow-icon=\"&#xf000;\"\n\t\tstyle=\"font-size: 24px; color: #FFFFFF\" \n\t\taria-hidden=\"true\"><\/span>\t\t\t<\/div>\n\n\t\t\t<div class=\"textwidget\">\n\t\t\t\t\n\t\t\t\t\t\t\t\t\t<h5 class=\"sow-features-feature-title\">\n\t\t\t\t\t\t\u00c9quipement de cuisine\t\t\t\t\t<\/h5>\n\t\t\t\t\n\t\t\t\t\t\t\t\t\t<div class=\"sow-features-feature-text\">\n\t\t\t\t\t<p>La cuisine est \u00e9quip\u00e9e d'un micro grill, de plaques chauffantes, d'un r\u00e9frig\u00e9rateur, d'une cafeti\u00e8re, de vaisselle\/couverts, de verres, etc. Du caf\u00e9, du th\u00e9 et des \u00e9pices sont disponibles, ainsi que du papier toilette et du papier m\u00e9nager.<\/p>\n<p>Du liquide vaisselle, des chiffons de nettoyage, etc. sont disponibles.<\/p>\n\t\t\t\t\t<\/div>\n\t\t\t\t\t\t\t\t<\/div>\n\t\t\t\t\t\t\t\t<\/li>\n\n\t\t\t<li\n\t\t\tclass=\"sow-features-feature sow-icon-container-position-top\"\n\t\t\tstyle=\"display: flex; flex-direction: column; width: calc(33.333% - 25px);\"\n\t\t>\n\t\t\t\n\t\t\t\t\t\t<div\t\t\t\tclass=\"sow-icon-container sow-container-round\"\n\t\t\t\tstyle=\"color: #404040; \"\n\t\t\t\t\n\t\t\t\t\t\t\t>\n\t\t\t\t<span class=\"sow-icon-fontawesome sow-fas\" data-sow-icon=\"&#xf06d;\"\n\t\tstyle=\"font-size: 24px; color: #FFFFFF\" \n\t\taria-hidden=\"true\"><\/span>\t\t\t<\/div>\n\n\t\t\t<div class=\"textwidget\">\n\t\t\t\t\n\t\t\t\t\t\t\t\t\t<h5 class=\"sow-features-feature-title\">\n\t\t\t\t\t\tBois\t\t\t\t\t<\/h5>\n\t\t\t\t\n\t\t\t\t\t\t\t\t\t<div class=\"sow-features-feature-text\">\n\t\t\t\t\t<p>Du bois sec est disponible pour la chemin\u00e9e int\u00e9rieure et pour la chemin\u00e9e ext\u00e9rieure.<\/p>\n\t\t\t\t\t<\/div>\n\t\t\t\t\t\t\t\t<\/div>\n\t\t\t\t\t\t\t\t<\/li>\n\n\t\t\t<li\n\t\t\tclass=\"sow-features-feature sow-icon-container-position-top\"\n\t\t\tstyle=\"display: flex; flex-direction: column; width: calc(33.333% - 25px);\"\n\t\t>\n\t\t\t\n\t\t\t\t\t\t<div\t\t\t\tclass=\"sow-icon-container sow-container-round\"\n\t\t\t\tstyle=\"color: #404040; \"\n\t\t\t\t\n\t\t\t\t\t\t\t>\n\t\t\t\t<span class=\"sow-icon-fontawesome sow-fas\" data-sow-icon=\"&#xf1eb;\"\n\t\tstyle=\"font-size: 24px; color: #FFFFFF\" \n\t\taria-hidden=\"true\"><\/span>\t\t\t<\/div>\n\n\t\t\t<div class=\"textwidget\">\n\t\t\t\t\n\t\t\t\t\t\t\t\t\t<h5 class=\"sow-features-feature-title\">\n\t\t\t\t\t\tInternet\/WiFi\t\t\t\t\t<\/h5>\n\t\t\t\t\n\t\t\t\t\t\t\t\t\t<div class=\"sow-features-feature-text\">\n\t\t\t\t\t<p>Au Chalet Mignon, une connexion internet sans fil (WiFi) est disponible. Vous trouverez le code d'acc\u00e8s dans le r\u00e8glement int\u00e9rieur, qui est \u00e9galement disponible dans le chalet. L'utilisation du WiFi est comprise dans le prix.<\/p>\n\t\t\t\t\t<\/div>\n\t\t\t\t\t\t\t\t<\/div>\n\t\t\t\t\t\t\t\t<\/li>\n\n\t\t\t<li\n\t\t\tclass=\"sow-features-feature sow-icon-container-position-top\"\n\t\t\tstyle=\"display: flex; flex-direction: column; width: calc(33.333% - 25px);\"\n\t\t>\n\t\t\t\n\t\t\t\t\t\t<div\t\t\t\tclass=\"sow-icon-container sow-container-round\"\n\t\t\t\tstyle=\"color: #404040; \"\n\t\t\t\t\n\t\t\t\t\t\t\t>\n\t\t\t\t<span class=\"sow-icon-ionicons\" data-sow-icon=\"&#xf2c2;\"\n\t\tstyle=\"font-size: 24px; color: #FFFFFF\" \n\t\taria-hidden=\"true\"><\/span>\t\t\t<\/div>\n\n\t\t\t<div class=\"textwidget\">\n\t\t\t\t\n\t\t\t\t\t\t\t\t\t<h5 class=\"sow-features-feature-title\">\n\t\t\t\t\t\tFumer\t\t\t\t\t<\/h5>\n\t\t\t\t\n\t\t\t\t\t\t\t\t\t<div class=\"sow-features-feature-text\">\n\t\t\t\t\t<p>Il est strictement interdit de fumer dans le chalet. Nous demandons que les m\u00e9gots de cigarettes soient collect\u00e9s et jet\u00e9s \u00e0 la poubelle.<\/p>\n\t\t\t\t\t<\/div>\n\t\t\t\t\t\t\t\t<\/div>\n\t\t\t\t\t\t\t\t<\/li>\n\n\t\t\t<li\n\t\t\tclass=\"sow-features-feature sow-icon-container-position-top\"\n\t\t\tstyle=\"display: flex; flex-direction: column; width: calc(33.333% - 25px);\"\n\t\t>\n\t\t\t\n\t\t\t\t\t\t<div\t\t\t\tclass=\"sow-icon-container sow-container-round\"\n\t\t\t\tstyle=\"color: #404040; \"\n\t\t\t\t\n\t\t\t\t\t\t\t>\n\t\t\t\t<span class=\"sow-icon-ionicons\" data-sow-icon=\"&#xf36a;\"\n\t\tstyle=\"font-size: 24px; color: #FFFFFF\" \n\t\taria-hidden=\"true\"><\/span>\t\t\t<\/div>\n\n\t\t\t<div class=\"textwidget\">\n\t\t\t\t\n\t\t\t\t\t\t\t\t\t<h5 class=\"sow-features-feature-title\">\n\t\t\t\t\t\tP\u00eache\t\t\t\t\t<\/h5>\n\t\t\t\t\n\t\t\t\t\t\t\t\t\t<div class=\"sow-features-feature-text\">\n\t\t\t\t\t<p>La p\u00eache dans notre lac n'est malheureusement pas possible.\u00a0Cependant, il existe des lacs dans la \"R\u00e9gion des Milles Etangs\" o\u00f9 la p\u00eache est autoris\u00e9e avec le permis appropri\u00e9. Pour plus d'informations, veuillez contacter l'office du tourisme de Faucogney-et-La Mer.<\/p>\n\t\t\t\t\t<\/div>\n\t\t\t\t\t\t\t\t<\/div>\n\t\t\t\t\t\t\t\t<\/li>\n\n\t<\/ul>\n<\/div><\/div><\/div><\/div><div id=\"pg-1115-1\"  class=\"panel-grid panel-no-style\" ><div id=\"pgc-1115-1-0\"  class=\"panel-grid-cell\" ><div id=\"panel-1115-1-0-0\" class=\"so-panel widget widget_sow-image panel-first-child\" data-index=\"1\" ><div\n\t\t\t\n\t\t\tclass=\"so-widget-sow-image so-widget-sow-image-default-ec555a4be1b6-1115\"\n\t\t\t\n\t\t>\n<div class=\"sow-image-container\">\n\t\t<img \n\tsrc=\"https:\/\/chaletmignon.ch\/wp-content\/uploads\/2018\/04\/DSC_0158.jpg\" width=\"3216\" height=\"2136\" srcset=\"https:\/\/chaletmignon.ch\/wp-content\/uploads\/2018\/04\/DSC_0158.jpg 3216w, https:\/\/chaletmignon.ch\/wp-content\/uploads\/2018\/04\/DSC_0158-300x199.jpg 300w, https:\/\/chaletmignon.ch\/wp-content\/uploads\/2018\/04\/DSC_0158-768x510.jpg 768w, https:\/\/chaletmignon.ch\/wp-content\/uploads\/2018\/04\/DSC_0158-1024x680.jpg 1024w, https:\/\/chaletmignon.ch\/wp-content\/uploads\/2018\/04\/DSC_0158-1920x1275.jpg 1920w, https:\/\/chaletmignon.ch\/wp-content\/uploads\/2018\/04\/DSC_0158-848x563.jpg 848w, https:\/\/chaletmignon.ch\/wp-content\/uploads\/2018\/04\/DSC_0158-1140x757.jpg 1140w, https:\/\/chaletmignon.ch\/wp-content\/uploads\/2018\/04\/DSC_0158-1170x777.jpg 1170w, https:\/\/chaletmignon.ch\/wp-content\/uploads\/2018\/04\/DSC_0158-48x32.jpg 48w, https:\/\/chaletmignon.ch\/wp-content\/uploads\/2018\/04\/DSC_0158-250x166.jpg 250w, https:\/\/chaletmignon.ch\/wp-content\/uploads\/2018\/04\/DSC_0158-550x365.jpg 550w, https:\/\/chaletmignon.ch\/wp-content\/uploads\/2018\/04\/DSC_0158-800x531.jpg 800w, https:\/\/chaletmignon.ch\/wp-content\/uploads\/2018\/04\/DSC_0158-271x180.jpg 271w, https:\/\/chaletmignon.ch\/wp-content\/uploads\/2018\/04\/DSC_0158-452x300.jpg 452w, https:\/\/chaletmignon.ch\/wp-content\/uploads\/2018\/04\/DSC_0158-753x500.jpg 753w, https:\/\/chaletmignon.ch\/wp-content\/uploads\/2018\/04\/DSC_0158-210x139.jpg 210w, https:\/\/chaletmignon.ch\/wp-content\/uploads\/2018\/04\/DSC_0158-400x266.jpg 400w, https:\/\/chaletmignon.ch\/wp-content\/uploads\/2018\/04\/DSC_0158-272x182.jpg 272w\" sizes=\"(max-width: 3216px) 100vw, 3216px\" alt=\"\" \t\tclass=\"so-widget-image\"\/>\n\t<\/div>\n\n<h3 class=\"widget-title\"><\/h3><\/div><\/div><div id=\"panel-1115-1-0-1\" class=\"so-panel widget widget_sow-editor panel-last-child\" data-index=\"2\" ><div\n\t\t\t\n\t\t\tclass=\"so-widget-sow-editor so-widget-sow-editor-base\"\n\t\t\t\n\t\t>\n<div class=\"siteorigin-widget-tinymce textwidget\">\n\t<p style=\"text-align: center;\">Notre chalet en hiver - malheureusement ferm\u00e9 et non disponible<\/p>\n<\/div>\n<\/div><\/div><\/div><\/div><\/div>","protected":false},"excerpt":{"rendered":"<p>Notre chalet en hiver &#8211; malheureusement ferm\u00e9 et non disponible<\/p>\n","protected":false},"author":1,"featured_media":0,"parent":0,"menu_order":0,"comment_status":"closed","ping_status":"closed","template":"","meta":{"footnotes":""},"class_list":["post-1115","page","type-page","status-publish","hentry"],"_links":{"self":[{"href":"https:\/\/chaletmignon.ch\/fr\/wp-json\/wp\/v2\/pages\/1115","targetHints":{"allow":["GET"]}}],"collection":[{"href":"https:\/\/chaletmignon.ch\/fr\/wp-json\/wp\/v2\/pages"}],"about":[{"href":"https:\/\/chaletmignon.ch\/fr\/wp-json\/wp\/v2\/types\/page"}],"author":[{"embeddable":true,"href":"https:\/\/chaletmignon.ch\/fr\/wp-json\/wp\/v2\/users\/1"}],"replies":[{"embeddable":true,"href":"https:\/\/chaletmignon.ch\/fr\/wp-json\/wp\/v2\/comments?post=1115"}],"version-history":[{"count":5,"href":"https:\/\/chaletmignon.ch\/fr\/wp-json\/wp\/v2\/pages\/1115\/revisions"}],"predecessor-version":[{"id":1140,"href":"https:\/\/chaletmignon.ch\/fr\/wp-json\/wp\/v2\/pages\/1115\/revisions\/1140"}],"wp:attachment":[{"href":"https:\/\/chaletmignon.ch\/fr\/wp-json\/wp\/v2\/media?parent=1115"}],"curies":[{"name":"wp","href":"https:\/\/api.w.org\/{rel}","templated":true}]}}