{"id":1203,"date":"2018-02-15T17:22:12","date_gmt":"2018-02-15T17:22:12","guid":{"rendered":"http:\/\/www.chaletmignon.ch\/preise\/"},"modified":"2023-08-14T10:30:35","modified_gmt":"2023-08-14T10:30:35","slug":"preise","status":"publish","type":"page","link":"https:\/\/chaletmignon.ch\/en\/preise\/","title":{"rendered":"Prices &#038; T&#038;C"},"content":{"rendered":"<div id=\"pl-1203\"  class=\"panel-layout\" ><div id=\"pg-1203-0\"  class=\"panel-grid panel-no-style\" ><div id=\"pgc-1203-0-0\"  class=\"panel-grid-cell\" ><div class=\"panel-cell-style panel-cell-style-for-1203-0-0\" ><div id=\"panel-1203-0-0-0\" class=\"so-panel widget widget_sow-features panel-first-child panel-last-child\" data-index=\"0\" ><div\n\t\t\t\n\t\t\tclass=\"so-widget-sow-features so-widget-sow-features-default-662d5b9e500c-1203\"\n\t\t\t\n\t\t><ul\n\tclass=\"sow-features-list\n\tsow-features-responsive\">\n\n\t\t\t<li\n\t\t\tclass=\"sow-features-feature sow-icon-container-position-top\"\n\t\t\tstyle=\"display: flex; flex-direction: column; width: calc(100% - 25px);\"\n\t\t>\n\t\t\t\n\t\t\t\t\t\t<div\t\t\t\tclass=\"sow-icon-container sow-container-rounded-sticker\"\n\t\t\t\tstyle=\"color: #ff0000; \"\n\t\t\t\ttitle=\"LOW SEASON\"\n\t\t\t\t\t\t\t>\n\t\t\t\t<span class=\"sow-icon-fontawesome sow-fas\" data-sow-icon=\"&#xf042;\"\n\t\tstyle=\"font-size: 24px; color: #ffffff\" \n\t\taria-hidden=\"true\"><\/span>\t\t\t<\/div>\n\n\t\t\t<div class=\"textwidget\">\n\t\t\t\t\n\t\t\t\t\t\t\t\t\t<h5 class=\"sow-features-feature-title\">\n\t\t\t\t\t\tLOW SEASON\t\t\t\t\t<\/h5>\n\t\t\t\t\n\t\t\t\t\t\t\t\t\t<div class=\"sow-features-feature-text\">\n\t\t\t\t\t<p>April, May and October<br \/>\nMinimum stay 4 nights<\/p>\n<p>Chalet weekly rate for two persons excl. laundry\/final cleaning<br \/>\n7 nights Sa - Sa, EUR 620<br \/>\nExtra charge if rental period less than a week EUR 50<br \/>\nExtra for one more person per week EUR 60<\/p>\n<p>Chalet daily rate for two persons excl. laundry\/final cleaning,<br \/>\n1 night EUR 93<br \/>\nExtra for one more person per day EUR 10<\/p>\n<p>Flat rate for laundry\/final cleaning EUR 80<br \/>\nSurcharge per dog and week\u00a0 EUR 30 (minimal charge EUR 30)<\/p>\n\t\t\t\t\t<\/div>\n\t\t\t\t\t\t\t\t<\/div>\n\t\t\t\t\t\t\t\t<\/li>\n\n\t<\/ul>\n<\/div><\/div><\/div><\/div><div id=\"pgc-1203-0-1\"  class=\"panel-grid-cell\" ><div class=\"panel-cell-style panel-cell-style-for-1203-0-1\" ><div id=\"panel-1203-0-1-0\" class=\"so-panel widget widget_sow-features panel-first-child panel-last-child\" data-index=\"1\" ><div\n\t\t\t\n\t\t\tclass=\"so-widget-sow-features so-widget-sow-features-default-662d5b9e500c-1203\"\n\t\t\t\n\t\t><ul\n\tclass=\"sow-features-list\n\tsow-features-responsive\">\n\n\t\t\t<li\n\t\t\tclass=\"sow-features-feature sow-icon-container-position-top\"\n\t\t\tstyle=\"display: flex; flex-direction: column; width: calc(100% - 25px);\"\n\t\t>\n\t\t\t\n\t\t\t\t\t\t<div\t\t\t\tclass=\"sow-icon-container sow-container-rounded-sticker\"\n\t\t\t\tstyle=\"color: #ff0000; \"\n\t\t\t\ttitle=\"HIGH SEASON\"\n\t\t\t\t\t\t\t>\n\t\t\t\t<span class=\"sow-icon-fontawesome sow-fas\" data-sow-icon=\"&#xf111;\"\n\t\tstyle=\"font-size: 24px; color: #FFFFFF\" \n\t\taria-hidden=\"true\"><\/span>\t\t\t<\/div>\n\n\t\t\t<div class=\"textwidget\">\n\t\t\t\t\n\t\t\t\t\t\t\t\t\t<h5 class=\"sow-features-feature-title\">\n\t\t\t\t\t\tHIGH SEASON\t\t\t\t\t<\/h5>\n\t\t\t\t\n\t\t\t\t\t\t\t\t\t<div class=\"sow-features-feature-text\">\n\t\t\t\t\t<p>June till September<br \/>\nMinimum rental period 1 week<\/p>\n<p>Chalet weekly rate for two persons excl. laundry\/final cleaning,<br \/>\n7 nights Sa - Sa, EUR 650<br \/>\nExtra charge for one additional person per week EUR 60<\/p>\n<p>Chalet daily rate for two persons excl. laundry\/final cleaning,<br \/>\n1 night EUR 97<br \/>\nExtra for one more person per day EUR 10<\/p>\n<p>Flat rate for laundry\/final cleaning, EUR 80<br \/>\nSurcharge per dog and week EUR 30<\/p>\n\t\t\t\t\t<\/div>\n\t\t\t\t\t\t\t\t<\/div>\n\t\t\t\t\t\t\t\t<\/li>\n\n\t<\/ul>\n<\/div><\/div><\/div><\/div><\/div><div id=\"pg-1203-1\"  class=\"panel-grid panel-no-style\" ><div id=\"pgc-1203-1-0\"  class=\"panel-grid-cell\" ><div id=\"panel-1203-1-0-0\" class=\"so-panel widget widget_sow-editor panel-first-child panel-last-child\" data-index=\"2\" ><div\n\t\t\t\n\t\t\tclass=\"so-widget-sow-editor so-widget-sow-editor-base\"\n\t\t\t\n\t\t><h3 class=\"widget-title\">Allgemeine Gesch\u00e4ftsbedingungen (AGB)<\/h3>\n<div class=\"siteorigin-widget-tinymce textwidget\">\n\t<h6><strong>1 \u2013 Buchung\/Reservation<\/strong><\/h6>\n<p>Buchungsanfragen richten Sie bitte telefonisch oder noch besser per Mail an uns. Wir beantworten diese umgehend. Eine definitive Buchung muss immer schriftlich per E-Mail erfolgen unter Angabe von Name\/Vorname der anreisenden Personen sowie deren vollst\u00e4ndige Wohnadresse.<br \/>\nSie erhalten dann von uns baldm\u00f6glichst eine Buchungsbest\u00e4tigung per Mail.<br \/>\n<em>Mit der Buchungsbest\u00e4tigung kommt die Buchung zustande und ist bindend. Gleichzeitig akzeptieren Sie damit unsere Hausordnung\/ AGB und Stornierungsregelungen. <\/em><\/p>\n<p>Grunds\u00e4tzlich vermieten wir das Chalet von Samstag zu Samstag und damit auf Wochenbasis. K\u00fcrzere Mietdauern haben keine Priorit\u00e4t. In der Hochsaison k\u00f6nnen wir k\u00fcrzere Mietdauern nur kurzfristig vergeben. Wir hoffen Sie haben daf\u00fcr Verst\u00e4ndnis.<\/p>\n<h6><strong>2 \u2013 Anzahlung<\/strong><\/h6>\n<p>Wir vertrauen unseren G\u00e4sten und verzichten daher auf eine Anzahlung.<\/p>\n<h6><strong>3 - Annullationsbedingungen:<\/strong><\/h6>\n<p>Bei einer Annullation stellen wir folgende Annullationsgeb\u00fchren in Rechnung:<\/p>\n<ul>\n<li>vom Buchungszeitpunkt bis 42 Tage vor Ferienbeginn 20% des Mietpreises (Chalet Pauschale) exkl. Reinigungs- resp. Hundepauschale<\/li>\n<li>41 bis 15 Tage vor Ferienbeginn 50 % des Mietpreises<\/li>\n<li>14 \u2013 8 Tage vor Ferienbeginn 70 % des Mietpreises<\/li>\n<li>ab dem 7. Tag vor Ferienbeginn bis zum Tag der Miete oder bei Nicht- oder nur Teilbenutzung des Chalets werden 100 % des Mietpreises in Rechnung gestellt.<\/li>\n<\/ul>\n<p>Wird ein Ersatzmieter gefunden, wird nur eine Annullationsgeb\u00fchr in der H\u00f6he von 20% des Mietpreises in Rechnung gestellt.<\/p>\n<p>Wir empfehlen Ihnen den Abschluss einer Annullierungskosten-Versicherung.<\/p>\n<h6><strong>4 \u2013 Bezahlung<\/strong><\/h6>\n<p>Der komplette Mietbetrag ist bei Bezug des Chalets bar zu entrichten. Wir hoffen auf Ihr Verst\u00e4ndnis, dass wir Kreditkarten, EC-Karten oder Schecks nicht akzeptieren k\u00f6nnen.<\/p>\n<p>Bei einem kurzfristigen Ausfall von Einrichtungsgegenst\u00e4nden, der \u00f6ffentlichen Versorgung oder durch h\u00f6here Gewalt besteht kein Anspruch auf Preisminderung. Der Gast gew\u00e4hrt dem Vermieter eine angemessene Frist zur Beseitigung der M\u00e4ngel. Sp\u00e4tere Reklamationen werden nicht akzeptiert und k\u00f6nnen nicht angerechnet werden.<\/p>\n<h6><strong>5 \u2013 Ankunft\/Abreise<\/strong><\/h6>\n<p>Wenn nichts anders vereinbart wurde, gelten nachstehende Ankunfts-\/Abreisezeiten. Informieren Sie uns bitte fr\u00fchzeitig, wenn Sie sp\u00e4ter anreisen.<\/p>\n<p>Ankunft: 16.00h \u2013 18.00h<br \/>\nAbreise bis 11.00h<\/p>\n<h6><strong>6 \u2013 Regeln \/ Informationen<\/strong><\/h6>\n<p><strong>Wertsachen<\/strong><br \/>\nF\u00fcr Wertsachen, die im Chalet deponiert werden, kann leider nicht gehaftet werden.<\/p>\n<p><strong>Besch\u00e4digungen <\/strong><br \/>\nNiemand besch\u00e4digt absichtlich etwas, es kann jedoch jedem passieren, dass einmal etwas kaputt geht. Falls dem so sein soll, bitten wir Sie, uns unbedingt den entstandenen Schaden sofort zu melden, damit wir diesen nicht erst nach Ihrer Abreise bei der Endreinigung feststellen.<\/p>\n<p><strong>Verbote<\/strong><br \/>\nIm Chalet ist das Rauchen ausdr\u00fccklich verboten. Das Fischen ist in unserem See nicht erlaubt. <em>Wir bitten sehr darum das F\u00fcttern aller unserer Tiere zu unterlassen<\/em>.<\/p>\n<p><strong>Kinder<\/strong><br \/>\nKinder m\u00fcssen von den Erwachsenen beaufsichtigt werden, die sie begleiten. Wir lehnen jegliche Verantwortung ab. Das Betreten der Pferdeweiden (Z\u00e4une stehen unter Strom), das Baden im See etc. geschehen auf eigene Verantwortung.<\/p>\n<p><strong>Haustiere<\/strong><br \/>\nDas Mitbringen von Haustieren insbesondere eines Hundes ist erlaubt. Wir bitten Sie jedoch dringendst, Ihren Vierbeiner auf\u00a0 unserem Gel\u00e4nde anzuleinen (unsere Katzen, Zwergziegen, andere).<\/p>\n<p><strong>Schl\u00fcssel<\/strong><br \/>\nBitte geben Sie die Schl\u00fcssel nie aus der Hand. Ein Verlust der Schl\u00fcssel ist umgehend zu melden und der Gast haftet bis zur H\u00f6he der Wiederbeschaffungskosten.<\/p>\n<h6><strong>7 \u2013 G\u00e4stebuch<\/strong><\/h6>\n<p><em>Sagen Sie's weiter ...<br \/>\n... denn nichts geht \u00fcber gute Empfehlungen. <\/em><br \/>\nIn unserem G\u00e4stebuch k\u00f6nnen Sie uns und anderen Interessenten zudem Ihre Eindr\u00fccke hinterlassen, seien es Lob, Kritik oder sonstige Anregungen.<\/p>\n<h4 style=\"text-align: center;\">Ihr Feedback ist uns wichtig und jederzeit willkommen!<\/h4>\n<\/div>\n<\/div><\/div><\/div><\/div><\/div>","protected":false},"excerpt":{"rendered":"<p>1 \u2013 Buchung\/Reservation Buchungsanfragen richten Sie bitte telefonisch oder noch besser per Mail an uns. Wir beantworten diese umgehend. Eine definitive Buchung muss immer schriftlich per E-Mail erfolgen unter Angabe von Name\/Vorname der anreisenden Personen sowie deren vollst\u00e4ndige Wohnadresse. Sie erhalten dann von uns baldm\u00f6glichst eine Buchungsbest\u00e4tigung per Mail. Mit der Buchungsbest\u00e4tigung kommt die Buchung [&hellip;]<\/p>\n","protected":false},"author":1,"featured_media":0,"parent":0,"menu_order":0,"comment_status":"closed","ping_status":"closed","template":"","meta":{"footnotes":""},"class_list":["post-1203","page","type-page","status-publish","hentry"],"_links":{"self":[{"href":"https:\/\/chaletmignon.ch\/en\/wp-json\/wp\/v2\/pages\/1203","targetHints":{"allow":["GET"]}}],"collection":[{"href":"https:\/\/chaletmignon.ch\/en\/wp-json\/wp\/v2\/pages"}],"about":[{"href":"https:\/\/chaletmignon.ch\/en\/wp-json\/wp\/v2\/types\/page"}],"author":[{"embeddable":true,"href":"https:\/\/chaletmignon.ch\/en\/wp-json\/wp\/v2\/users\/1"}],"replies":[{"embeddable":true,"href":"https:\/\/chaletmignon.ch\/en\/wp-json\/wp\/v2\/comments?post=1203"}],"version-history":[{"count":25,"href":"https:\/\/chaletmignon.ch\/en\/wp-json\/wp\/v2\/pages\/1203\/revisions"}],"predecessor-version":[{"id":1418,"href":"https:\/\/chaletmignon.ch\/en\/wp-json\/wp\/v2\/pages\/1203\/revisions\/1418"}],"wp:attachment":[{"href":"https:\/\/chaletmignon.ch\/en\/wp-json\/wp\/v2\/media?parent=1203"}],"curies":[{"name":"wp","href":"https:\/\/api.w.org\/{rel}","templated":true}]}}