{"id":1169,"date":"2018-02-15T17:22:12","date_gmt":"2018-02-15T17:22:12","guid":{"rendered":"http:\/\/www.chaletmignon.ch\/unser-chalet\/"},"modified":"2021-01-22T12:18:57","modified_gmt":"2021-01-22T12:18:57","slug":"unser-chalet","status":"publish","type":"page","link":"https:\/\/chaletmignon.ch\/en\/unser-chalet\/","title":{"rendered":"The location"},"content":{"rendered":"<div id=\"pl-1169\"  class=\"panel-layout\" ><div id=\"pg-1169-0\"  class=\"panel-grid panel-no-style\" ><div id=\"pgc-1169-0-0\"  class=\"panel-grid-cell\" ><div id=\"panel-1169-0-0-0\" class=\"so-panel widget widget_sow-features panel-first-child panel-last-child\" data-index=\"0\" ><div\n\t\t\t\n\t\t\tclass=\"so-widget-sow-features so-widget-sow-features-default-d86d8497a19e-1169\"\n\t\t\t\n\t\t><ul\n\tclass=\"sow-features-list\n\tsow-features-responsive\">\n\n\t\t\t<li\n\t\t\tclass=\"sow-features-feature sow-icon-container-position-top\"\n\t\t\tstyle=\"display: flex; flex-direction: column; width: calc(33.333% - 25px);\"\n\t\t>\n\t\t\t\n\t\t\t\t\t\t<div\t\t\t\tclass=\"sow-icon-container sow-container-round\"\n\t\t\t\tstyle=\"color: #dd3333; \"\n\t\t\t\ttitle=\"The PLATEAU\"\n\t\t\t\t\t\t\t>\n\t\t\t\t<span class=\"sow-icon-fontawesome sow-fab\" data-sow-icon=\"&#xf209;\"\n\t\tstyle=\"font-size: 50px; color: #FFFFFF\" \n\t\taria-hidden=\"true\"><\/span>\t\t\t<\/div>\n\n\t\t\t<div class=\"textwidget\">\n\t\t\t\t\n\t\t\t\t\t\t\t\t\t<h5 class=\"sow-features-feature-title\">\n\t\t\t\t\t\tThe PLATEAU\t\t\t\t\t<\/h5>\n\t\t\t\t\n\t\t\t\t\t\t\t\t\t<div class=\"sow-features-feature-text\">\n\t\t\t\t\t<p style=\"text-align: left\">Chalet Mignon is situated in the middle of a 10ha private property on the plateau of the 1000 lakes (La r\u00e9gion des milles \u00e9tangs). Located on a nature reserve approximately 600 - 800 meters above sea level at the foot of the Vosges mountains, it can be reached from Basel in just over 1.5 hours.<\/p>\n<p><a href=\"http:\/\/www.chaletmignon.ch\/wp-content\/uploads\/2018\/04\/lage_gross.jpg\" class=\"image-link\"><img loading=\"lazy\" decoding=\"async\" class=\"alignnone size-full wp-image-612\" src=\"http:\/\/www.chaletmignon.ch\/wp-content\/uploads\/2018\/04\/lage_gross.jpg\" alt=\"\" width=\"1024\" height=\"682\" srcset=\"https:\/\/chaletmignon.ch\/wp-content\/uploads\/2018\/04\/lage_gross.jpg 1024w, https:\/\/chaletmignon.ch\/wp-content\/uploads\/2018\/04\/lage_gross-300x200.jpg 300w, https:\/\/chaletmignon.ch\/wp-content\/uploads\/2018\/04\/lage_gross-768x512.jpg 768w, https:\/\/chaletmignon.ch\/wp-content\/uploads\/2018\/04\/lage_gross-848x565.jpg 848w, https:\/\/chaletmignon.ch\/wp-content\/uploads\/2018\/04\/lage_gross-48x32.jpg 48w, https:\/\/chaletmignon.ch\/wp-content\/uploads\/2018\/04\/lage_gross-250x167.jpg 250w, https:\/\/chaletmignon.ch\/wp-content\/uploads\/2018\/04\/lage_gross-550x366.jpg 550w, https:\/\/chaletmignon.ch\/wp-content\/uploads\/2018\/04\/lage_gross-800x533.jpg 800w, https:\/\/chaletmignon.ch\/wp-content\/uploads\/2018\/04\/lage_gross-270x180.jpg 270w, https:\/\/chaletmignon.ch\/wp-content\/uploads\/2018\/04\/lage_gross-450x300.jpg 450w, https:\/\/chaletmignon.ch\/wp-content\/uploads\/2018\/04\/lage_gross-751x500.jpg 751w, https:\/\/chaletmignon.ch\/wp-content\/uploads\/2018\/04\/lage_gross-210x140.jpg 210w, https:\/\/chaletmignon.ch\/wp-content\/uploads\/2018\/04\/lage_gross-400x266.jpg 400w, https:\/\/chaletmignon.ch\/wp-content\/uploads\/2018\/04\/lage_gross-272x182.jpg 272w\" sizes=\"auto, (max-width: 1024px) 100vw, 1024px\" \/><\/a><\/p>\n\t\t\t\t\t<\/div>\n\t\t\t\t\t\t\t\t<\/div>\n\t\t\t\t\t\t\t\t<\/li>\n\n\t\t\t<li\n\t\t\tclass=\"sow-features-feature sow-icon-container-position-top\"\n\t\t\tstyle=\"display: flex; flex-direction: column; width: calc(33.333% - 25px);\"\n\t\t>\n\t\t\t\n\t\t\t\t\t\t<div\t\t\t\tclass=\"sow-icon-container sow-container-round\"\n\t\t\t\tstyle=\"color: #dd0000; \"\n\t\t\t\ttitle=\"NATURE &amp; REST\"\n\t\t\t\t\t\t\t>\n\t\t\t\t<span class=\"sow-icon-elegantline\" data-sow-icon=\"&#xe03b;\"\n\t\tstyle=\"font-size: 50px; color: #FFFFFF\" \n\t\taria-hidden=\"true\"><\/span>\t\t\t<\/div>\n\n\t\t\t<div class=\"textwidget\">\n\t\t\t\t\n\t\t\t\t\t\t\t\t\t<h5 class=\"sow-features-feature-title\">\n\t\t\t\t\t\tNATURE &amp; REST\t\t\t\t\t<\/h5>\n\t\t\t\t\n\t\t\t\t\t\t\t\t\t<div class=\"sow-features-feature-text\">\n\t\t\t\t\t<p style=\"text-align: left\">Nature and tranquillity rule here. The many lakes and the forest invite you to discover them on foot, by bike and on horseback. Life in the Vosges remains simple and rural, always friendly and benevolent. There is little tourism.<\/p>\n<p><a href=\"http:\/\/www.chaletmignon.ch\/wp-content\/uploads\/2018\/04\/natur.jpg\" class=\"image-link\"><img loading=\"lazy\" decoding=\"async\" class=\"alignnone size-full wp-image-617\" src=\"http:\/\/www.chaletmignon.ch\/wp-content\/uploads\/2018\/04\/natur.jpg\" alt=\"\" width=\"1120\" height=\"840\" srcset=\"https:\/\/chaletmignon.ch\/wp-content\/uploads\/2018\/04\/natur.jpg 1120w, https:\/\/chaletmignon.ch\/wp-content\/uploads\/2018\/04\/natur-300x225.jpg 300w, https:\/\/chaletmignon.ch\/wp-content\/uploads\/2018\/04\/natur-768x576.jpg 768w, https:\/\/chaletmignon.ch\/wp-content\/uploads\/2018\/04\/natur-1024x768.jpg 1024w, https:\/\/chaletmignon.ch\/wp-content\/uploads\/2018\/04\/natur-848x636.jpg 848w, https:\/\/chaletmignon.ch\/wp-content\/uploads\/2018\/04\/natur-48x36.jpg 48w, https:\/\/chaletmignon.ch\/wp-content\/uploads\/2018\/04\/natur-250x188.jpg 250w, https:\/\/chaletmignon.ch\/wp-content\/uploads\/2018\/04\/natur-550x413.jpg 550w, https:\/\/chaletmignon.ch\/wp-content\/uploads\/2018\/04\/natur-800x600.jpg 800w, https:\/\/chaletmignon.ch\/wp-content\/uploads\/2018\/04\/natur-240x180.jpg 240w, https:\/\/chaletmignon.ch\/wp-content\/uploads\/2018\/04\/natur-400x300.jpg 400w, https:\/\/chaletmignon.ch\/wp-content\/uploads\/2018\/04\/natur-667x500.jpg 667w, https:\/\/chaletmignon.ch\/wp-content\/uploads\/2018\/04\/natur-200x150.jpg 200w, https:\/\/chaletmignon.ch\/wp-content\/uploads\/2018\/04\/natur-380x285.jpg 380w\" sizes=\"auto, (max-width: 1120px) 100vw, 1120px\" \/><\/a><\/p>\n\t\t\t\t\t<\/div>\n\t\t\t\t\t\t\t\t<\/div>\n\t\t\t\t\t\t\t\t<\/li>\n\n\t\t\t<li\n\t\t\tclass=\"sow-features-feature sow-icon-container-position-top\"\n\t\t\tstyle=\"display: flex; flex-direction: column; width: calc(33.333% - 25px);\"\n\t\t>\n\t\t\t\n\t\t\t\t\t\t<div\t\t\t\tclass=\"sow-icon-container sow-container-round\"\n\t\t\t\tstyle=\"color: #dd3333; \"\n\t\t\t\ttitle=\"THE ENVIRONMENT\"\n\t\t\t\t\t\t\t>\n\t\t\t\t<span class=\"sow-icon-elegantline\" data-sow-icon=\"&#xe03e;\"\n\t\tstyle=\"font-size: 50px; color: #FFFFFF\" \n\t\taria-hidden=\"true\"><\/span>\t\t\t<\/div>\n\n\t\t\t<div class=\"textwidget\">\n\t\t\t\t\n\t\t\t\t\t\t\t\t\t<h5 class=\"sow-features-feature-title\">\n\t\t\t\t\t\tTHE ENVIRONMENT\t\t\t\t\t<\/h5>\n\t\t\t\t\n\t\t\t\t\t\t\t\t\t<div class=\"sow-features-feature-text\">\n\t\t\t\t\t<p>There are many thermal springs in the vicinity, including the hottest in Europe. A little further away, beautiful towns and cities such as Belfort, Montb\u00e9liard, Besan\u00e7on, G\u00e9rardmer or Nancy invite you to visit them.<\/p>\n<p><a href=\"http:\/\/www.chaletmignon.ch\/wp-content\/uploads\/2018\/04\/Umgebung.jpg\" class=\"image-link\"><img loading=\"lazy\" decoding=\"async\" class=\"alignnone size-full wp-image-618\" src=\"http:\/\/www.chaletmignon.ch\/wp-content\/uploads\/2018\/04\/Umgebung.jpg\" alt=\"\" width=\"1200\" height=\"900\" srcset=\"https:\/\/chaletmignon.ch\/wp-content\/uploads\/2018\/04\/Umgebung.jpg 1200w, https:\/\/chaletmignon.ch\/wp-content\/uploads\/2018\/04\/Umgebung-300x225.jpg 300w, https:\/\/chaletmignon.ch\/wp-content\/uploads\/2018\/04\/Umgebung-768x576.jpg 768w, https:\/\/chaletmignon.ch\/wp-content\/uploads\/2018\/04\/Umgebung-1024x768.jpg 1024w, https:\/\/chaletmignon.ch\/wp-content\/uploads\/2018\/04\/Umgebung-848x636.jpg 848w, https:\/\/chaletmignon.ch\/wp-content\/uploads\/2018\/04\/Umgebung-1140x855.jpg 1140w, https:\/\/chaletmignon.ch\/wp-content\/uploads\/2018\/04\/Umgebung-1170x878.jpg 1170w, https:\/\/chaletmignon.ch\/wp-content\/uploads\/2018\/04\/Umgebung-48x36.jpg 48w, https:\/\/chaletmignon.ch\/wp-content\/uploads\/2018\/04\/Umgebung-250x188.jpg 250w, https:\/\/chaletmignon.ch\/wp-content\/uploads\/2018\/04\/Umgebung-550x413.jpg 550w, https:\/\/chaletmignon.ch\/wp-content\/uploads\/2018\/04\/Umgebung-800x600.jpg 800w, https:\/\/chaletmignon.ch\/wp-content\/uploads\/2018\/04\/Umgebung-240x180.jpg 240w, https:\/\/chaletmignon.ch\/wp-content\/uploads\/2018\/04\/Umgebung-400x300.jpg 400w, https:\/\/chaletmignon.ch\/wp-content\/uploads\/2018\/04\/Umgebung-667x500.jpg 667w, https:\/\/chaletmignon.ch\/wp-content\/uploads\/2018\/04\/Umgebung-200x150.jpg 200w, https:\/\/chaletmignon.ch\/wp-content\/uploads\/2018\/04\/Umgebung-380x285.jpg 380w\" sizes=\"auto, (max-width: 1200px) 100vw, 1200px\" \/><\/a><\/p>\n\t\t\t\t\t<\/div>\n\t\t\t\t\t\t\t\t<\/div>\n\t\t\t\t\t\t\t\t<\/li>\n\n\t<\/ul>\n<\/div><\/div><\/div><\/div><\/div>","protected":false},"excerpt":{"rendered":"<p>The PLATEAU Chalet Mignon is situated in the middle of a 10ha private property on the plateau of the 1000 lakes (La r\u00e9gion des milles \u00e9tangs). Located on a nature reserve approximately 600 &#8211; 800 meters above sea level at the foot of the Vosges mountains, it can be reached from Basel in just over [&hellip;]<\/p>\n","protected":false},"author":1,"featured_media":0,"parent":0,"menu_order":0,"comment_status":"closed","ping_status":"closed","template":"","meta":{"footnotes":""},"class_list":["post-1169","page","type-page","status-publish","hentry"],"_links":{"self":[{"href":"https:\/\/chaletmignon.ch\/en\/wp-json\/wp\/v2\/pages\/1169","targetHints":{"allow":["GET"]}}],"collection":[{"href":"https:\/\/chaletmignon.ch\/en\/wp-json\/wp\/v2\/pages"}],"about":[{"href":"https:\/\/chaletmignon.ch\/en\/wp-json\/wp\/v2\/types\/page"}],"author":[{"embeddable":true,"href":"https:\/\/chaletmignon.ch\/en\/wp-json\/wp\/v2\/users\/1"}],"replies":[{"embeddable":true,"href":"https:\/\/chaletmignon.ch\/en\/wp-json\/wp\/v2\/comments?post=1169"}],"version-history":[{"count":12,"href":"https:\/\/chaletmignon.ch\/en\/wp-json\/wp\/v2\/pages\/1169\/revisions"}],"predecessor-version":[{"id":1295,"href":"https:\/\/chaletmignon.ch\/en\/wp-json\/wp\/v2\/pages\/1169\/revisions\/1295"}],"wp:attachment":[{"href":"https:\/\/chaletmignon.ch\/en\/wp-json\/wp\/v2\/media?parent=1169"}],"curies":[{"name":"wp","href":"https:\/\/api.w.org\/{rel}","templated":true}]}}